{"id":1510,"date":"2025-03-04T18:33:11","date_gmt":"2025-03-04T17:33:11","guid":{"rendered":"https:\/\/victorinotapes.hostings.tecnocampus.cat\/?page_id=1510"},"modified":"2025-03-06T11:37:43","modified_gmt":"2025-03-06T10:37:43","slug":"galeria","status":"publish","type":"page","link":"https:\/\/victorinotapes.hostings.tecnocampus.cat\/ca\/galeria\/","title":{"rendered":"Galeria"},"content":{"rendered":"<p>A continuaci\u00f3 us mostrem una galeria de fotos amb els plats m\u00e9s famosos de Victorino.<\/p>\n\n\n\n<div class=\"wp-block-uagb-advanced-heading uagb-block-e1bd6b26\"><h2 class=\"uagb-heading-text\">                                                                                          Cl\u00e0ssics<\/h2><\/div>\n\n\n\n<div class=\"wp-block-uagb-container uagb-block-4a8bbe13 alignfull uagb-is-root-container\"><div class=\"uagb-container-inner-blocks-wrap\">\n<div class=\"wp-block-uagb-container uagb-block-c2c63dd3\">\n<p><strong>                        Patates Braves<\/strong><\/p>\n\n\n\n<figure class=\"wp-block-image size-large\"><img fetchpriority=\"high\" decoding=\"async\" width=\"1024\" height=\"683\" src=\"https:\/\/victorinotapes.hostings.tecnocampus.cat\/wp-content\/uploads\/2025\/03\/pexels-photo-28490826-28490826-1024x683.jpg\" alt=\"Succulent patatas bravas topped with spicy aioli in vibrant blue bowl, served on dark table.\" class=\"wp-image-1516\" srcset=\"https:\/\/victorinotapes.hostings.tecnocampus.cat\/wp-content\/uploads\/2025\/03\/pexels-photo-28490826-28490826-1024x683.jpg 1024w, https:\/\/victorinotapes.hostings.tecnocampus.cat\/wp-content\/uploads\/2025\/03\/pexels-photo-28490826-28490826-300x200.jpg 300w, https:\/\/victorinotapes.hostings.tecnocampus.cat\/wp-content\/uploads\/2025\/03\/pexels-photo-28490826-28490826-2000x1333.jpg 2000w, https:\/\/victorinotapes.hostings.tecnocampus.cat\/wp-content\/uploads\/2025\/03\/pexels-photo-28490826-28490826-scaled-18x12.jpg 18w, https:\/\/victorinotapes.hostings.tecnocampus.cat\/wp-content\/uploads\/2025\/03\/pexels-photo-28490826-28490826-scaled-200x133.jpg 200w, https:\/\/victorinotapes.hostings.tecnocampus.cat\/wp-content\/uploads\/2025\/03\/pexels-photo-28490826-28490826-scaled-1536x1024.jpg 1536w, https:\/\/victorinotapes.hostings.tecnocampus.cat\/wp-content\/uploads\/2025\/03\/pexels-photo-28490826-28490826-scaled-2048x1365.jpg 2048w, https:\/\/victorinotapes.hostings.tecnocampus.cat\/wp-content\/uploads\/2025\/03\/pexels-photo-28490826-28490826-scaled-24x16.jpg 24w, https:\/\/victorinotapes.hostings.tecnocampus.cat\/wp-content\/uploads\/2025\/03\/pexels-photo-28490826-28490826-scaled-36x24.jpg 36w, https:\/\/victorinotapes.hostings.tecnocampus.cat\/wp-content\/uploads\/2025\/03\/pexels-photo-28490826-28490826-scaled-48x32.jpg 48w\" sizes=\"(max-width: 1024px) 100vw, 1024px\" \/><\/figure>\n<\/div>\n\n\n\n<div class=\"wp-block-uagb-container uagb-block-a8db1d6e\">\n<p><strong>                           Boquerons<\/strong><\/p>\n\n\n\n<div class=\"wp-block-uagb-image uagb-block-905c8732 wp-block-uagb-image--layout-default wp-block-uagb-image--effect-static wp-block-uagb-image--align-none\"><figure class=\"wp-block-uagb-image__figure\"><img loading=\"lazy\" decoding=\"async\"  sizes=\"auto, (max-width: 480px) 150px\" src=\"https:\/\/imag.bonviveur.com\/boquerones-en-vinagre-caseros.jpg\" alt=\"\" width=\"294\" height=\"155\" title=\"\" role=\"img\"\/><\/figure><\/div>\n<\/div>\n\n\n\n<div class=\"wp-block-uagb-container uagb-block-5f665431\">\n<p><strong>                            Olives<\/strong><\/p>\n\n\n\n<div class=\"wp-block-uagb-image uagb-block-b2a3e02c wp-block-uagb-image--layout-default wp-block-uagb-image--effect-static wp-block-uagb-image--align-none\"><figure class=\"wp-block-uagb-image__figure\"><img loading=\"lazy\" decoding=\"async\"  sizes=\"auto, (max-width: 480px) 150px\" src=\"https:\/\/encrypted-tbn0.gstatic.com\/images?q=tbn:ANd9GcTt7z50h3jVq43EYRuQPqX9J5PfEyAyQbjKbyAWb_JM8HrMXsKQ0PkWzRUSISbHro42hpU&amp;usqp=CAU\" alt=\"\" width=\"201\" height=\"107\" title=\"\" role=\"img\"\/><\/figure><\/div>\n<\/div>\n\n\n\n<div class=\"wp-block-uagb-container uagb-block-a7170ec7\">\n<p><strong>          Musclos gallecs al vapor<\/strong><\/p>\n\n\n\n<figure class=\"wp-block-image size-large\"><img decoding=\"async\" src=\"https:\/\/recetasdecocina.elmundo.es\/wp-content\/uploads\/2024\/11\/mejillones-al-vapor.jpg\" alt=\"\"\/><\/figure>\n<\/div>\n\n\n\n<div class=\"wp-block-uagb-container uagb-block-54c48e8c\">\n<p><strong>Ensaladilla tradicional de Victorino<\/strong><\/p>\n\n\n\n<figure class=\"wp-block-image alignright size-large is-resized\"><img decoding=\"async\" src=\"https:\/\/content-cocina.lecturas.com\/medio\/2022\/05\/26\/paso_a_paso_para_hacer_ensaladilla_rusa_de_la_abuela_resultado_final_31694fc2_600x600.jpg\" alt=\"\" style=\"width:233px;height:auto\"\/><\/figure>\n<\/div>\n<\/div><\/div>\n\n\n\n<div class=\"wp-block-uagb-advanced-heading uagb-block-6e981d6a\"><h2 class=\"uagb-heading-text\">                                                                             Croquetes Victorino<\/h2><\/div>\n\n\n\n<div class=\"wp-block-uagb-container uagb-block-e0247531 alignfull uagb-is-root-container\"><div class=\"uagb-container-inner-blocks-wrap\">\n<div class=\"wp-block-uagb-container uagb-block-f4445b59\">\n<p>                                         Pernil Ral<\/p>\n\n\n\n<div class=\"wp-block-uagb-image uagb-block-de38be85 wp-block-uagb-image--layout-default wp-block-uagb-image--effect-static wp-block-uagb-image--align-none\"><figure class=\"wp-block-uagb-image__figure\"><img loading=\"lazy\" decoding=\"async\"  sizes=\"auto, (max-width: 480px) 150px\" src=\"https:\/\/www.hola.com\/horizon\/landscape\/f88ad2ad40be-croquetas-de-jamon-t.jpg\" alt=\"\" width=\"365\" height=\"205\" title=\"\" role=\"img\"\/><\/figure><\/div>\n<\/div>\n\n\n\n<div class=\"wp-block-uagb-container uagb-block-8cbae179\">\n<p>              Pollastre rustit amb prunes<\/p>\n\n\n\n<figure class=\"wp-block-image size-full is-resized\"><img decoding=\"async\" width=\"480\" height=\"300\" src=\"https:\/\/victorinotapes.hostings.tecnocampus.cat\/wp-content\/uploads\/2025\/03\/sempio-jang-wok-croquetas-pollo.jpg\" alt=\"\" class=\"wp-image-1814\" style=\"width:315px;height:auto\" srcset=\"https:\/\/victorinotapes.hostings.tecnocampus.cat\/wp-content\/uploads\/2025\/03\/sempio-jang-wok-croquetas-pollo.jpg 480w, https:\/\/victorinotapes.hostings.tecnocampus.cat\/wp-content\/uploads\/2025\/03\/sempio-jang-wok-croquetas-pollo-300x188.jpg 300w, https:\/\/victorinotapes.hostings.tecnocampus.cat\/wp-content\/uploads\/2025\/03\/sempio-jang-wok-croquetas-pollo-18x12.jpg 18w\" sizes=\"(max-width: 480px) 100vw, 480px\" \/><\/figure>\n<\/div>\n\n\n\n<div class=\"wp-block-uagb-container uagb-block-2cef1644\">\n<p>Tinta de Calamar<\/p>\n\n\n\n<div class=\"wp-block-uagb-image uagb-block-65147266 wp-block-uagb-image--layout-default wp-block-uagb-image--effect-static wp-block-uagb-image--align-none\"><figure class=\"wp-block-uagb-image__figure\"><img loading=\"lazy\" decoding=\"async\"  sizes=\"auto, (max-width: 480px) 150px\" src=\"https:\/\/comprarcroquetas.com\/wp-content\/uploads\/2022\/03\/croquetascalamarcerca-min-scaled.jpg\" alt=\"\" width=\"405\" height=\"268\" title=\"\" role=\"img\"\/><\/figure><\/div>\n<\/div>\n\n\n\n<div class=\"wp-block-uagb-container uagb-block-4ec9073e\">\n<p>                               Botifarra i ceba confitada<\/p>\n\n\n\n<figure class=\"wp-block-image size-large\"><img decoding=\"async\" width=\"1701\" height=\"1134\" src=\"https:\/\/victorinotapes.hostings.tecnocampus.cat\/wp-content\/uploads\/2025\/03\/IMG_6515-edited-1.jpg\" alt=\"\" class=\"wp-image-1835\" srcset=\"https:\/\/victorinotapes.hostings.tecnocampus.cat\/wp-content\/uploads\/2025\/03\/IMG_6515-edited-1.jpg 1701w, https:\/\/victorinotapes.hostings.tecnocampus.cat\/wp-content\/uploads\/2025\/03\/IMG_6515-edited-1-300x200.jpg 300w, https:\/\/victorinotapes.hostings.tecnocampus.cat\/wp-content\/uploads\/2025\/03\/IMG_6515-edited-1-1024x683.jpg 1024w, https:\/\/victorinotapes.hostings.tecnocampus.cat\/wp-content\/uploads\/2025\/03\/IMG_6515-edited-1-18x12.jpg 18w\" sizes=\"(max-width: 1701px) 100vw, 1701px\" \/><\/figure>\n<\/div>\n<\/div><\/div>\n\n\n\n<div class=\"wp-block-uagb-advanced-heading uagb-block-2e905237\"><h2 class=\"uagb-heading-text\">                                                                                Taula d'ib\u00e8rics<\/h2><\/div>\n\n\n\n<div class=\"wp-block-uagb-container uagb-block-4720a468 alignfull uagb-is-root-container\"><div class=\"uagb-container-inner-blocks-wrap\">\n<div class=\"wp-block-uagb-container uagb-block-63817ec8\">\n<p>                        Llom Embotxat Ib\u00e8ric<\/p>\n\n\n\n<figure class=\"wp-block-image size-large is-resized\"><img decoding=\"async\" src=\"https:\/\/vegaseleccion.com\/modules\/ph_simpleblog\/covers\/31.jpg\" alt=\"\" style=\"width:372px;height:auto\"\/><\/figure>\n<\/div>\n\n\n\n<div class=\"wp-block-uagb-advanced-heading uagb-block-5a946bb9\"><\/div>\n\n\n\n<div class=\"wp-block-uagb-container uagb-block-79234cc1\"><\/div>\n<\/div><\/div>\n\n\n\n<ul class=\"wp-block-social-links aligncenter is-layout-flex wp-block-social-links-is-layout-flex\"><li class=\"wp-social-link wp-social-link-instagram  wp-block-social-link\"><a href=\"https:\/\/www.instagram.com\/victorino.cuinademercat?igsh=azJqanJ6ZWVrYXds\" class=\"wp-block-social-link-anchor\"><svg width=\"24\" height=\"24\" viewbox=\"0 0 24 24\" version=\"1.1\" xmlns=\"http:\/\/www.w3.org\/2000\/svg\" aria-hidden=\"true\" focusable=\"false\"><path d=\"M12,4.622c2.403,0,2.688,0.009,3.637,0.052c0.877,0.04,1.354,0.187,1.671,0.31c0.42,0.163,0.72,0.358,1.035,0.673 c0.315,0.315,0.51,0.615,0.673,1.035c0.123,0.317,0.27,0.794,0.31,1.671c0.043,0.949,0.052,1.234,0.052,3.637 s-0.009,2.688-0.052,3.637c-0.04,0.877-0.187,1.354-0.31,1.671c-0.163,0.42-0.358,0.72-0.673,1.035 c-0.315,0.315-0.615,0.51-1.035,0.673c-0.317,0.123-0.794,0.27-1.671,0.31c-0.949,0.043-1.233,0.052-3.637,0.052 s-2.688-0.009-3.637-0.052c-0.877-0.04-1.354-0.187-1.671-0.31c-0.42-0.163-0.72-0.358-1.035-0.673 c-0.315-0.315-0.51-0.615-0.673-1.035c-0.123-0.317-0.27-0.794-0.31-1.671C4.631,14.688,4.622,14.403,4.622,12 s0.009-2.688,0.052-3.637c0.04-0.877,0.187-1.354,0.31-1.671c0.163-0.42,0.358-0.72,0.673-1.035 c0.315-0.315,0.615-0.51,1.035-0.673c0.317-0.123,0.794-0.27,1.671-0.31C9.312,4.631,9.597,4.622,12,4.622 M12,3 C9.556,3,9.249,3.01,8.289,3.054C7.331,3.098,6.677,3.25,6.105,3.472C5.513,3.702,5.011,4.01,4.511,4.511 c-0.5,0.5-0.808,1.002-1.038,1.594C3.25,6.677,3.098,7.331,3.054,8.289C3.01,9.249,3,9.556,3,12c0,2.444,0.01,2.751,0.054,3.711 c0.044,0.958,0.196,1.612,0.418,2.185c0.23,0.592,0.538,1.094,1.038,1.594c0.5,0.5,1.002,0.808,1.594,1.038 c0.572,0.222,1.227,0.375,2.185,0.418C9.249,20.99,9.556,21,12,21s2.751-0.01,3.711-0.054c0.958-0.044,1.612-0.196,2.185-0.418 c0.592-0.23,1.094-0.538,1.594-1.038c0.5-0.5,0.808-1.002,1.038-1.594c0.222-0.572,0.375-1.227,0.418-2.185 C20.99,14.751,21,14.444,21,12s-0.01-2.751-0.054-3.711c-0.044-0.958-0.196-1.612-0.418-2.185c-0.23-0.592-0.538-1.094-1.038-1.594 c-0.5-0.5-1.002-0.808-1.594-1.038c-0.572-0.222-1.227-0.375-2.185-0.418C14.751,3.01,14.444,3,12,3L12,3z M12,7.378 c-2.552,0-4.622,2.069-4.622,4.622S9.448,16.622,12,16.622s4.622-2.069,4.622-4.622S14.552,7.378,12,7.378z M12,15 c-1.657,0-3-1.343-3-3s1.343-3,3-3s3,1.343,3,3S13.657,15,12,15z M16.804,6.116c-0.596,0-1.08,0.484-1.08,1.08 s0.484,1.08,1.08,1.08c0.596,0,1.08-0.484,1.08-1.08S17.401,6.116,16.804,6.116z\"><\/path><\/svg><span class=\"wp-block-social-link-label screen-reader-text\">Instagram<\/span><\/a><\/li>\n\n<li class=\"wp-social-link wp-social-link-facebook  wp-block-social-link\"><a href=\"https:\/\/m.facebook.com\/100068668446747\/\" class=\"wp-block-social-link-anchor\"><svg width=\"24\" height=\"24\" viewbox=\"0 0 24 24\" version=\"1.1\" xmlns=\"http:\/\/www.w3.org\/2000\/svg\" aria-hidden=\"true\" focusable=\"false\"><path d=\"M12 2C6.5 2 2 6.5 2 12c0 5 3.7 9.1 8.4 9.9v-7H7.9V12h2.5V9.8c0-2.5 1.5-3.9 3.8-3.9 1.1 0 2.2.2 2.2.2v2.5h-1.3c-1.2 0-1.6.8-1.6 1.6V12h2.8l-.4 2.9h-2.3v7C18.3 21.1 22 17 22 12c0-5.5-4.5-10-10-10z\"><\/path><\/svg><span class=\"wp-block-social-link-label screen-reader-text\">Facebook<\/span><\/a><\/li><\/ul>\n\n\n\n<p><\/p>","protected":false},"excerpt":{"rendered":"<p>A continuaci\u00f3n le mostramos una galer\u00eda de fotos con los platos m\u00e1s famosos de Victorino. Cl\u00e1sicos Patatas Bravas Boquerones Olivas verdes Mejillones gallegos al vapor Ensaladilla tradicional del Victorino Croquetas Victorino Jam\u00f3n Ral Pollo Rustido con Ciruelas Tinta de Calamar Morcilla y Cebolla Confitada Tabla de Ib\u00e9ricos Lomo Embuchado Ib\u00e9rico<\/p>","protected":false},"author":5,"featured_media":0,"parent":0,"menu_order":0,"comment_status":"closed","ping_status":"closed","template":"","meta":{"_uag_custom_page_level_css":"","footnotes":""},"class_list":["post-1510","page","type-page","status-publish","hentry"],"yoast_head":"<!-- This site is optimized with the Yoast SEO plugin v24.6 - https:\/\/yoast.com\/wordpress\/plugins\/seo\/ -->\n<title>Galeria - victorinotapes.hostings.tecnocampus.cat<\/title>\n<meta name=\"description\" content=\"Le ofrecemos una galeria con fotos de los platos m\u00e1s pedidos en el restaurante para que pueda inspirarse en su pr\u00f3xima visita.\" \/>\n<meta name=\"robots\" content=\"noindex, follow, max-snippet:-1, max-image-preview:large, max-video-preview:-1\" \/>\n<meta property=\"og:locale\" content=\"ca_ES\" \/>\n<meta property=\"og:type\" content=\"article\" \/>\n<meta property=\"og:title\" content=\"Galeria - victorinotapes.hostings.tecnocampus.cat\" \/>\n<meta property=\"og:description\" content=\"Le ofrecemos una galeria con fotos de los platos m\u00e1s pedidos en el restaurante para que pueda inspirarse en su pr\u00f3xima visita.\" \/>\n<meta property=\"og:url\" content=\"https:\/\/victorinotapes.hostings.tecnocampus.cat\/ca\/galeria\/\" \/>\n<meta property=\"og:site_name\" content=\"victorinotapes.hostings.tecnocampus.cat\" \/>\n<meta property=\"article:modified_time\" content=\"2025-03-06T10:37:43+00:00\" \/>\n<meta property=\"og:image\" content=\"https:\/\/victorinotapes.hostings.tecnocampus.cat\/wp-content\/uploads\/2025\/03\/pexels-photo-28490826-28490826-scaled.jpg\" \/>\n\t<meta property=\"og:image:width\" content=\"2560\" \/>\n\t<meta property=\"og:image:height\" content=\"1706\" \/>\n\t<meta property=\"og:image:type\" content=\"image\/jpeg\" \/>\n<meta name=\"twitter:card\" content=\"summary_large_image\" \/>\n<meta name=\"twitter:label1\" content=\"Temps estimat de lectura\" \/>\n\t<meta name=\"twitter:data1\" content=\"3 minuts\" \/>\n<script type=\"application\/ld+json\" class=\"yoast-schema-graph\">{\"@context\":\"https:\/\/schema.org\",\"@graph\":[{\"@type\":\"WebPage\",\"@id\":\"https:\/\/victorinotapes.hostings.tecnocampus.cat\/galeria\/\",\"url\":\"https:\/\/victorinotapes.hostings.tecnocampus.cat\/galeria\/\",\"name\":\"Galeria - victorinotapes.hostings.tecnocampus.cat\",\"isPartOf\":{\"@id\":\"https:\/\/victorinotapes.hostings.tecnocampus.cat\/#website\"},\"primaryImageOfPage\":{\"@id\":\"https:\/\/victorinotapes.hostings.tecnocampus.cat\/galeria\/#primaryimage\"},\"image\":{\"@id\":\"https:\/\/victorinotapes.hostings.tecnocampus.cat\/galeria\/#primaryimage\"},\"thumbnailUrl\":\"https:\/\/victorinotapes.hostings.tecnocampus.cat\/wp-content\/uploads\/2025\/03\/pexels-photo-28490826-28490826-1024x683.jpg\",\"datePublished\":\"2025-03-04T17:33:11+00:00\",\"dateModified\":\"2025-03-06T10:37:43+00:00\",\"description\":\"Le ofrecemos una galeria con fotos de los platos m\u00e1s pedidos en el restaurante para que pueda inspirarse en su pr\u00f3xima visita.\",\"breadcrumb\":{\"@id\":\"https:\/\/victorinotapes.hostings.tecnocampus.cat\/galeria\/#breadcrumb\"},\"inLanguage\":\"ca\",\"potentialAction\":[{\"@type\":\"ReadAction\",\"target\":[\"https:\/\/victorinotapes.hostings.tecnocampus.cat\/galeria\/\"]}]},{\"@type\":\"ImageObject\",\"inLanguage\":\"ca\",\"@id\":\"https:\/\/victorinotapes.hostings.tecnocampus.cat\/galeria\/#primaryimage\",\"url\":\"https:\/\/victorinotapes.hostings.tecnocampus.cat\/wp-content\/uploads\/2025\/03\/pexels-photo-28490826-28490826-1024x683.jpg\",\"contentUrl\":\"https:\/\/victorinotapes.hostings.tecnocampus.cat\/wp-content\/uploads\/2025\/03\/pexels-photo-28490826-28490826-1024x683.jpg\"},{\"@type\":\"BreadcrumbList\",\"@id\":\"https:\/\/victorinotapes.hostings.tecnocampus.cat\/galeria\/#breadcrumb\",\"itemListElement\":[{\"@type\":\"ListItem\",\"position\":1,\"name\":\"Portada\",\"item\":\"https:\/\/victorinotapes.hostings.tecnocampus.cat\/\"},{\"@type\":\"ListItem\",\"position\":2,\"name\":\"Galeria\"}]},{\"@type\":\"WebSite\",\"@id\":\"https:\/\/victorinotapes.hostings.tecnocampus.cat\/#website\",\"url\":\"https:\/\/victorinotapes.hostings.tecnocampus.cat\/\",\"name\":\"victorinotapes.hostings.tecnocampus.cat\",\"description\":\"Restaurante familiar ubicado en Gav\u00e0\",\"publisher\":{\"@id\":\"https:\/\/victorinotapes.hostings.tecnocampus.cat\/#organization\"},\"potentialAction\":[{\"@type\":\"SearchAction\",\"target\":{\"@type\":\"EntryPoint\",\"urlTemplate\":\"https:\/\/victorinotapes.hostings.tecnocampus.cat\/?s={search_term_string}\"},\"query-input\":{\"@type\":\"PropertyValueSpecification\",\"valueRequired\":true,\"valueName\":\"search_term_string\"}}],\"inLanguage\":\"ca\"},{\"@type\":\"Organization\",\"@id\":\"https:\/\/victorinotapes.hostings.tecnocampus.cat\/#organization\",\"name\":\"victorinotapes.hostings.tecnocampus.cat\",\"url\":\"https:\/\/victorinotapes.hostings.tecnocampus.cat\/\",\"logo\":{\"@type\":\"ImageObject\",\"inLanguage\":\"ca\",\"@id\":\"https:\/\/victorinotapes.hostings.tecnocampus.cat\/#\/schema\/logo\/image\/\",\"url\":\"https:\/\/victorinotapes.hostings.tecnocampus.cat\/wp-content\/uploads\/2025\/02\/Captura-de-pantalla-2025-02-18-a-las-18.02.00.png\",\"contentUrl\":\"https:\/\/victorinotapes.hostings.tecnocampus.cat\/wp-content\/uploads\/2025\/02\/Captura-de-pantalla-2025-02-18-a-las-18.02.00.png\",\"width\":312,\"height\":306,\"caption\":\"victorinotapes.hostings.tecnocampus.cat\"},\"image\":{\"@id\":\"https:\/\/victorinotapes.hostings.tecnocampus.cat\/#\/schema\/logo\/image\/\"},\"sameAs\":[\"https:\/\/www.instagram.com\/victorino.cuinademercat?igsh=azJqanJ6ZWVrYXds\"]}]}<\/script>\n<!-- \/ Yoast SEO plugin. -->","yoast_head_json":{"title":"Galeria - victorinotapes.hostings.tecnocampus.cat","description":"Le ofrecemos una galeria con fotos de los platos m\u00e1s pedidos en el restaurante para que pueda inspirarse en su pr\u00f3xima visita.","robots":{"index":"noindex","follow":"follow","max-snippet":"max-snippet:-1","max-image-preview":"max-image-preview:large","max-video-preview":"max-video-preview:-1"},"og_locale":"ca_ES","og_type":"article","og_title":"Galeria - victorinotapes.hostings.tecnocampus.cat","og_description":"Le ofrecemos una galeria con fotos de los platos m\u00e1s pedidos en el restaurante para que pueda inspirarse en su pr\u00f3xima visita.","og_url":"https:\/\/victorinotapes.hostings.tecnocampus.cat\/ca\/galeria\/","og_site_name":"victorinotapes.hostings.tecnocampus.cat","article_modified_time":"2025-03-06T10:37:43+00:00","og_image":[{"width":2560,"height":1706,"url":"https:\/\/victorinotapes.hostings.tecnocampus.cat\/wp-content\/uploads\/2025\/03\/pexels-photo-28490826-28490826-scaled.jpg","type":"image\/jpeg"}],"twitter_card":"summary_large_image","twitter_misc":{"Temps estimat de lectura":"3 minuts"},"schema":{"@context":"https:\/\/schema.org","@graph":[{"@type":"WebPage","@id":"https:\/\/victorinotapes.hostings.tecnocampus.cat\/galeria\/","url":"https:\/\/victorinotapes.hostings.tecnocampus.cat\/galeria\/","name":"Galeria - victorinotapes.hostings.tecnocampus.cat","isPartOf":{"@id":"https:\/\/victorinotapes.hostings.tecnocampus.cat\/#website"},"primaryImageOfPage":{"@id":"https:\/\/victorinotapes.hostings.tecnocampus.cat\/galeria\/#primaryimage"},"image":{"@id":"https:\/\/victorinotapes.hostings.tecnocampus.cat\/galeria\/#primaryimage"},"thumbnailUrl":"https:\/\/victorinotapes.hostings.tecnocampus.cat\/wp-content\/uploads\/2025\/03\/pexels-photo-28490826-28490826-1024x683.jpg","datePublished":"2025-03-04T17:33:11+00:00","dateModified":"2025-03-06T10:37:43+00:00","description":"Le ofrecemos una galeria con fotos de los platos m\u00e1s pedidos en el restaurante para que pueda inspirarse en su pr\u00f3xima visita.","breadcrumb":{"@id":"https:\/\/victorinotapes.hostings.tecnocampus.cat\/galeria\/#breadcrumb"},"inLanguage":"ca","potentialAction":[{"@type":"ReadAction","target":["https:\/\/victorinotapes.hostings.tecnocampus.cat\/galeria\/"]}]},{"@type":"ImageObject","inLanguage":"ca","@id":"https:\/\/victorinotapes.hostings.tecnocampus.cat\/galeria\/#primaryimage","url":"https:\/\/victorinotapes.hostings.tecnocampus.cat\/wp-content\/uploads\/2025\/03\/pexels-photo-28490826-28490826-1024x683.jpg","contentUrl":"https:\/\/victorinotapes.hostings.tecnocampus.cat\/wp-content\/uploads\/2025\/03\/pexels-photo-28490826-28490826-1024x683.jpg"},{"@type":"BreadcrumbList","@id":"https:\/\/victorinotapes.hostings.tecnocampus.cat\/galeria\/#breadcrumb","itemListElement":[{"@type":"ListItem","position":1,"name":"Portada","item":"https:\/\/victorinotapes.hostings.tecnocampus.cat\/"},{"@type":"ListItem","position":2,"name":"Galeria"}]},{"@type":"WebSite","@id":"https:\/\/victorinotapes.hostings.tecnocampus.cat\/#website","url":"https:\/\/victorinotapes.hostings.tecnocampus.cat\/","name":"victorinotapes.hostings.tecnocampus.cat","description":"Restaurante familiar ubicado en Gav\u00e0","publisher":{"@id":"https:\/\/victorinotapes.hostings.tecnocampus.cat\/#organization"},"potentialAction":[{"@type":"SearchAction","target":{"@type":"EntryPoint","urlTemplate":"https:\/\/victorinotapes.hostings.tecnocampus.cat\/?s={search_term_string}"},"query-input":{"@type":"PropertyValueSpecification","valueRequired":true,"valueName":"search_term_string"}}],"inLanguage":"ca"},{"@type":"Organization","@id":"https:\/\/victorinotapes.hostings.tecnocampus.cat\/#organization","name":"victorinotapes.hostings.tecnocampus.cat","url":"https:\/\/victorinotapes.hostings.tecnocampus.cat\/","logo":{"@type":"ImageObject","inLanguage":"ca","@id":"https:\/\/victorinotapes.hostings.tecnocampus.cat\/#\/schema\/logo\/image\/","url":"https:\/\/victorinotapes.hostings.tecnocampus.cat\/wp-content\/uploads\/2025\/02\/Captura-de-pantalla-2025-02-18-a-las-18.02.00.png","contentUrl":"https:\/\/victorinotapes.hostings.tecnocampus.cat\/wp-content\/uploads\/2025\/02\/Captura-de-pantalla-2025-02-18-a-las-18.02.00.png","width":312,"height":306,"caption":"victorinotapes.hostings.tecnocampus.cat"},"image":{"@id":"https:\/\/victorinotapes.hostings.tecnocampus.cat\/#\/schema\/logo\/image\/"},"sameAs":["https:\/\/www.instagram.com\/victorino.cuinademercat?igsh=azJqanJ6ZWVrYXds"]}]}},"uagb_featured_image_src":{"full":false,"thumbnail":false,"medium":false,"medium_large":false,"large":false,"etfrtb_logo":false,"1536x1536":false,"2048x2048":false,"trp-custom-language-flag":false,"inspiro-featured-image":false,"inspiro-loop":false,"inspiro-loop@2x":false,"menu-24x24":false,"menu-36x36":false,"menu-48x48":false},"uagb_author_info":{"display_name":"cristinac","author_link":"https:\/\/victorinotapes.hostings.tecnocampus.cat\/ca\/author\/cristinac\/"},"uagb_comment_info":0,"uagb_excerpt":"A continuaci\u00f3n le mostramos una galer\u00eda de fotos con los platos m\u00e1s famosos de Victorino. Cl\u00e1sicos Patatas Bravas Boquerones Olivas verdes Mejillones gallegos al vapor Ensaladilla tradicional del Victorino Croquetas Victorino Jam\u00f3n Ral Pollo Rustido con Ciruelas Tinta de Calamar Morcilla y Cebolla Confitada Tabla de Ib\u00e9ricos Lomo Embuchado Ib\u00e9rico","_links":{"self":[{"href":"https:\/\/victorinotapes.hostings.tecnocampus.cat\/ca\/wp-json\/wp\/v2\/pages\/1510","targetHints":{"allow":["GET"]}}],"collection":[{"href":"https:\/\/victorinotapes.hostings.tecnocampus.cat\/ca\/wp-json\/wp\/v2\/pages"}],"about":[{"href":"https:\/\/victorinotapes.hostings.tecnocampus.cat\/ca\/wp-json\/wp\/v2\/types\/page"}],"author":[{"embeddable":true,"href":"https:\/\/victorinotapes.hostings.tecnocampus.cat\/ca\/wp-json\/wp\/v2\/users\/5"}],"replies":[{"embeddable":true,"href":"https:\/\/victorinotapes.hostings.tecnocampus.cat\/ca\/wp-json\/wp\/v2\/comments?post=1510"}],"version-history":[{"count":24,"href":"https:\/\/victorinotapes.hostings.tecnocampus.cat\/ca\/wp-json\/wp\/v2\/pages\/1510\/revisions"}],"predecessor-version":[{"id":1841,"href":"https:\/\/victorinotapes.hostings.tecnocampus.cat\/ca\/wp-json\/wp\/v2\/pages\/1510\/revisions\/1841"}],"wp:attachment":[{"href":"https:\/\/victorinotapes.hostings.tecnocampus.cat\/ca\/wp-json\/wp\/v2\/media?parent=1510"}],"curies":[{"name":"wp","href":"https:\/\/api.w.org\/{rel}","templated":true}]}}