{"id":14,"date":"2025-02-11T18:18:33","date_gmt":"2025-02-11T17:18:33","guid":{"rendered":"https:\/\/victorinotapes.hostings.tecnocampus.cat\/?page_id=14"},"modified":"2025-02-25T16:54:48","modified_gmt":"2025-02-25T15:54:48","slug":"informacion-sobre-esta-web","status":"publish","type":"page","link":"https:\/\/victorinotapes.hostings.tecnocampus.cat\/ca\/informacion-sobre-esta-web\/","title":{"rendered":"Informaci\u00f3 sobre la web"},"content":{"rendered":"<div class=\"wp-block-group alignfull is-style-section-5 is-layout-flow wp-block-group-is-layout-flow\" style=\"min-height:100vh;margin-top:0;margin-bottom:0;padding-top:var(--wp--preset--spacing--50);padding-right:var(--wp--preset--spacing--50);padding-bottom:var(--wp--preset--spacing--50);padding-left:var(--wp--preset--spacing--50)\">\n<div class=\"wp-block-columns alignfull is-layout-flex wp-container-core-columns-is-layout-1 wp-block-columns-is-layout-flex\">\n<div class=\"wp-block-column is-layout-flow wp-block-column-is-layout-flow\">\n<figure class=\"wp-block-image size-large\"><img decoding=\"async\" src=\"https:\/\/www.tecnocampus.cat\/sites\/default\/files\/inline-images\/xtecnocampus_facana.jpg.pagespeed.ic.NUt5n_4glt.jpg\" alt=\"\"\/><figcaption class=\"wp-element-caption\">Centro Universitario Tecnocampus<\/figcaption><\/figure>\n\n\n\n<figure class=\"wp-block-image size-large\"><img decoding=\"async\" src=\"https:\/\/directori.tecnocampus.cat\/imagen_dispositivos\/paginas\/90\/3457\/1266-tecnocampus-mataro-centres-universitaris-centres-de-recerca-i-coneixement-i-incubadora-d-empreses-20120516212100_1-l.png\" alt=\"\"\/><figcaption class=\"wp-element-caption\">Centro Universitario Tecnocampus<\/figcaption><\/figure>\n<\/div>\n\n\n\n<div class=\"wp-block-column is-layout-flow wp-block-column-is-layout-flow\">\n<div class=\"wp-block-group is-vertical is-content-justification-stretch is-nowrap is-layout-flex wp-container-core-group-is-layout-1 wp-block-group-is-layout-flex\" style=\"min-height:100%\">\n<p class=\"has-text-align-center has-x-large-font-size\" style=\"line-height:1.2\">Esta p\u00e1gina web se trata de un trabajo acad\u00e9mico para la asignatura de \u00abGesti\u00f3n de plataformas digitales\u00bb en la <a href=\"https:\/\/www.tecnocampus.cat\">Universidad TecnoCampus<\/a> en Matar\u00f3, Centro adscrito a la UPF.<\/p>\n<\/div>\n<\/div>\n<\/div>\n<\/div>","protected":false},"excerpt":{"rendered":"<p>Esta p\u00e1gina web se trata de un trabajo acad\u00e9mico para la asignatura de \u00abGesti\u00f3n de plataformas digitales\u00bb en la Universidad TecnoCampus en Matar\u00f3, Centro adscrito a la UPF.<\/p>","protected":false},"author":1,"featured_media":0,"parent":0,"menu_order":0,"comment_status":"closed","ping_status":"closed","template":"","meta":{"_uag_custom_page_level_css":"","footnotes":""},"class_list":["post-14","page","type-page","status-publish","hentry"],"yoast_head":"<!-- This site is optimized with the Yoast SEO plugin v24.6 - https:\/\/yoast.com\/wordpress\/plugins\/seo\/ -->\n<title>&quot;Informaci\u00f3n sobre esta web&quot; - victorinotapes.hostings.tecnocampus.cat<\/title>\n<meta name=\"description\" content=\"Esta p\u00e1gina web se trata de un trabajo acad\u00e9mico para la asignatura de &quot;Gesti\u00f3n de plataformas digitales&quot; en la Universidad TecnoCampus en Matar\u00f3, Centro adscrito a la UPF.\" \/>\n<meta name=\"robots\" content=\"noindex, follow, max-snippet:-1, max-image-preview:large, max-video-preview:-1\" \/>\n<meta property=\"og:locale\" content=\"ca_ES\" \/>\n<meta property=\"og:type\" content=\"article\" \/>\n<meta property=\"og:title\" content=\"&quot;Informaci\u00f3n sobre esta web&quot; - victorinotapes.hostings.tecnocampus.cat\" \/>\n<meta property=\"og:description\" content=\"Esta p\u00e1gina web se trata de un trabajo acad\u00e9mico para la asignatura de &quot;Gesti\u00f3n de plataformas digitales&quot; en la Universidad TecnoCampus en Matar\u00f3, Centro adscrito a la UPF.\" \/>\n<meta property=\"og:url\" content=\"https:\/\/victorinotapes.hostings.tecnocampus.cat\/ca\/informacion-sobre-esta-web\/\" \/>\n<meta property=\"og:site_name\" content=\"victorinotapes.hostings.tecnocampus.cat\" \/>\n<meta property=\"article:modified_time\" content=\"2025-02-25T15:54:48+00:00\" \/>\n<meta property=\"og:image\" content=\"https:\/\/www.tecnocampus.cat\/sites\/default\/files\/inline-images\/xtecnocampus_facana.jpg.pagespeed.ic.NUt5n_4glt.jpg\" \/>\n<meta name=\"twitter:card\" content=\"summary_large_image\" \/>\n<meta name=\"twitter:label1\" content=\"Temps estimat de lectura\" \/>\n\t<meta name=\"twitter:data1\" content=\"1 minut\" \/>\n<script type=\"application\/ld+json\" class=\"yoast-schema-graph\">{\"@context\":\"https:\/\/schema.org\",\"@graph\":[{\"@type\":\"WebPage\",\"@id\":\"https:\/\/victorinotapes.hostings.tecnocampus.cat\/informacion-sobre-esta-web\/\",\"url\":\"https:\/\/victorinotapes.hostings.tecnocampus.cat\/informacion-sobre-esta-web\/\",\"name\":\"\\\"Informaci\u00f3n sobre esta web\\\" - victorinotapes.hostings.tecnocampus.cat\",\"isPartOf\":{\"@id\":\"https:\/\/victorinotapes.hostings.tecnocampus.cat\/#website\"},\"primaryImageOfPage\":{\"@id\":\"https:\/\/victorinotapes.hostings.tecnocampus.cat\/informacion-sobre-esta-web\/#primaryimage\"},\"image\":{\"@id\":\"https:\/\/victorinotapes.hostings.tecnocampus.cat\/informacion-sobre-esta-web\/#primaryimage\"},\"thumbnailUrl\":\"https:\/\/www.tecnocampus.cat\/sites\/default\/files\/inline-images\/xtecnocampus_facana.jpg.pagespeed.ic.NUt5n_4glt.jpg\",\"datePublished\":\"2025-02-11T17:18:33+00:00\",\"dateModified\":\"2025-02-25T15:54:48+00:00\",\"description\":\"Esta p\u00e1gina web se trata de un trabajo acad\u00e9mico para la asignatura de \\\"Gesti\u00f3n de plataformas digitales\\\" en la Universidad TecnoCampus en Matar\u00f3, Centro adscrito a la UPF.\",\"breadcrumb\":{\"@id\":\"https:\/\/victorinotapes.hostings.tecnocampus.cat\/informacion-sobre-esta-web\/#breadcrumb\"},\"inLanguage\":\"ca\",\"potentialAction\":[{\"@type\":\"ReadAction\",\"target\":[\"https:\/\/victorinotapes.hostings.tecnocampus.cat\/informacion-sobre-esta-web\/\"]}]},{\"@type\":\"ImageObject\",\"inLanguage\":\"ca\",\"@id\":\"https:\/\/victorinotapes.hostings.tecnocampus.cat\/informacion-sobre-esta-web\/#primaryimage\",\"url\":\"https:\/\/www.tecnocampus.cat\/sites\/default\/files\/inline-images\/xtecnocampus_facana.jpg.pagespeed.ic.NUt5n_4glt.jpg\",\"contentUrl\":\"https:\/\/www.tecnocampus.cat\/sites\/default\/files\/inline-images\/xtecnocampus_facana.jpg.pagespeed.ic.NUt5n_4glt.jpg\"},{\"@type\":\"BreadcrumbList\",\"@id\":\"https:\/\/victorinotapes.hostings.tecnocampus.cat\/informacion-sobre-esta-web\/#breadcrumb\",\"itemListElement\":[{\"@type\":\"ListItem\",\"position\":1,\"name\":\"Portada\",\"item\":\"https:\/\/victorinotapes.hostings.tecnocampus.cat\/\"},{\"@type\":\"ListItem\",\"position\":2,\"name\":\"\u00abInformaci\u00f3n sobre esta web\u00bb\"}]},{\"@type\":\"WebSite\",\"@id\":\"https:\/\/victorinotapes.hostings.tecnocampus.cat\/#website\",\"url\":\"https:\/\/victorinotapes.hostings.tecnocampus.cat\/\",\"name\":\"victorinotapes.hostings.tecnocampus.cat\",\"description\":\"Restaurante familiar ubicado en Gav\u00e0\",\"publisher\":{\"@id\":\"https:\/\/victorinotapes.hostings.tecnocampus.cat\/#organization\"},\"potentialAction\":[{\"@type\":\"SearchAction\",\"target\":{\"@type\":\"EntryPoint\",\"urlTemplate\":\"https:\/\/victorinotapes.hostings.tecnocampus.cat\/?s={search_term_string}\"},\"query-input\":{\"@type\":\"PropertyValueSpecification\",\"valueRequired\":true,\"valueName\":\"search_term_string\"}}],\"inLanguage\":\"ca\"},{\"@type\":\"Organization\",\"@id\":\"https:\/\/victorinotapes.hostings.tecnocampus.cat\/#organization\",\"name\":\"victorinotapes.hostings.tecnocampus.cat\",\"url\":\"https:\/\/victorinotapes.hostings.tecnocampus.cat\/\",\"logo\":{\"@type\":\"ImageObject\",\"inLanguage\":\"ca\",\"@id\":\"https:\/\/victorinotapes.hostings.tecnocampus.cat\/#\/schema\/logo\/image\/\",\"url\":\"https:\/\/victorinotapes.hostings.tecnocampus.cat\/wp-content\/uploads\/2025\/02\/Captura-de-pantalla-2025-02-18-a-las-18.02.00.png\",\"contentUrl\":\"https:\/\/victorinotapes.hostings.tecnocampus.cat\/wp-content\/uploads\/2025\/02\/Captura-de-pantalla-2025-02-18-a-las-18.02.00.png\",\"width\":312,\"height\":306,\"caption\":\"victorinotapes.hostings.tecnocampus.cat\"},\"image\":{\"@id\":\"https:\/\/victorinotapes.hostings.tecnocampus.cat\/#\/schema\/logo\/image\/\"},\"sameAs\":[\"https:\/\/www.instagram.com\/victorino.cuinademercat?igsh=azJqanJ6ZWVrYXds\"]}]}<\/script>\n<!-- \/ Yoast SEO plugin. -->","yoast_head_json":{"title":"\"Informaci\u00f3n sobre esta web\" - victorinotapes.hostings.tecnocampus.cat","description":"Esta p\u00e1gina web se trata de un trabajo acad\u00e9mico para la asignatura de \"Gesti\u00f3n de plataformas digitales\" en la Universidad TecnoCampus en Matar\u00f3, Centro adscrito a la UPF.","robots":{"index":"noindex","follow":"follow","max-snippet":"max-snippet:-1","max-image-preview":"max-image-preview:large","max-video-preview":"max-video-preview:-1"},"og_locale":"ca_ES","og_type":"article","og_title":"\"Informaci\u00f3n sobre esta web\" - victorinotapes.hostings.tecnocampus.cat","og_description":"Esta p\u00e1gina web se trata de un trabajo acad\u00e9mico para la asignatura de \"Gesti\u00f3n de plataformas digitales\" en la Universidad TecnoCampus en Matar\u00f3, Centro adscrito a la UPF.","og_url":"https:\/\/victorinotapes.hostings.tecnocampus.cat\/ca\/informacion-sobre-esta-web\/","og_site_name":"victorinotapes.hostings.tecnocampus.cat","article_modified_time":"2025-02-25T15:54:48+00:00","og_image":[{"url":"https:\/\/www.tecnocampus.cat\/sites\/default\/files\/inline-images\/xtecnocampus_facana.jpg.pagespeed.ic.NUt5n_4glt.jpg","type":"","width":"","height":""}],"twitter_card":"summary_large_image","twitter_misc":{"Temps estimat de lectura":"1 minut"},"schema":{"@context":"https:\/\/schema.org","@graph":[{"@type":"WebPage","@id":"https:\/\/victorinotapes.hostings.tecnocampus.cat\/informacion-sobre-esta-web\/","url":"https:\/\/victorinotapes.hostings.tecnocampus.cat\/informacion-sobre-esta-web\/","name":"\"Informaci\u00f3n sobre esta web\" - victorinotapes.hostings.tecnocampus.cat","isPartOf":{"@id":"https:\/\/victorinotapes.hostings.tecnocampus.cat\/#website"},"primaryImageOfPage":{"@id":"https:\/\/victorinotapes.hostings.tecnocampus.cat\/informacion-sobre-esta-web\/#primaryimage"},"image":{"@id":"https:\/\/victorinotapes.hostings.tecnocampus.cat\/informacion-sobre-esta-web\/#primaryimage"},"thumbnailUrl":"https:\/\/www.tecnocampus.cat\/sites\/default\/files\/inline-images\/xtecnocampus_facana.jpg.pagespeed.ic.NUt5n_4glt.jpg","datePublished":"2025-02-11T17:18:33+00:00","dateModified":"2025-02-25T15:54:48+00:00","description":"Esta p\u00e1gina web se trata de un trabajo acad\u00e9mico para la asignatura de \"Gesti\u00f3n de plataformas digitales\" en la Universidad TecnoCampus en Matar\u00f3, Centro adscrito a la UPF.","breadcrumb":{"@id":"https:\/\/victorinotapes.hostings.tecnocampus.cat\/informacion-sobre-esta-web\/#breadcrumb"},"inLanguage":"ca","potentialAction":[{"@type":"ReadAction","target":["https:\/\/victorinotapes.hostings.tecnocampus.cat\/informacion-sobre-esta-web\/"]}]},{"@type":"ImageObject","inLanguage":"ca","@id":"https:\/\/victorinotapes.hostings.tecnocampus.cat\/informacion-sobre-esta-web\/#primaryimage","url":"https:\/\/www.tecnocampus.cat\/sites\/default\/files\/inline-images\/xtecnocampus_facana.jpg.pagespeed.ic.NUt5n_4glt.jpg","contentUrl":"https:\/\/www.tecnocampus.cat\/sites\/default\/files\/inline-images\/xtecnocampus_facana.jpg.pagespeed.ic.NUt5n_4glt.jpg"},{"@type":"BreadcrumbList","@id":"https:\/\/victorinotapes.hostings.tecnocampus.cat\/informacion-sobre-esta-web\/#breadcrumb","itemListElement":[{"@type":"ListItem","position":1,"name":"Portada","item":"https:\/\/victorinotapes.hostings.tecnocampus.cat\/"},{"@type":"ListItem","position":2,"name":"\u00abInformaci\u00f3n sobre esta web\u00bb"}]},{"@type":"WebSite","@id":"https:\/\/victorinotapes.hostings.tecnocampus.cat\/#website","url":"https:\/\/victorinotapes.hostings.tecnocampus.cat\/","name":"victorinotapes.hostings.tecnocampus.cat","description":"Restaurante familiar ubicado en Gav\u00e0","publisher":{"@id":"https:\/\/victorinotapes.hostings.tecnocampus.cat\/#organization"},"potentialAction":[{"@type":"SearchAction","target":{"@type":"EntryPoint","urlTemplate":"https:\/\/victorinotapes.hostings.tecnocampus.cat\/?s={search_term_string}"},"query-input":{"@type":"PropertyValueSpecification","valueRequired":true,"valueName":"search_term_string"}}],"inLanguage":"ca"},{"@type":"Organization","@id":"https:\/\/victorinotapes.hostings.tecnocampus.cat\/#organization","name":"victorinotapes.hostings.tecnocampus.cat","url":"https:\/\/victorinotapes.hostings.tecnocampus.cat\/","logo":{"@type":"ImageObject","inLanguage":"ca","@id":"https:\/\/victorinotapes.hostings.tecnocampus.cat\/#\/schema\/logo\/image\/","url":"https:\/\/victorinotapes.hostings.tecnocampus.cat\/wp-content\/uploads\/2025\/02\/Captura-de-pantalla-2025-02-18-a-las-18.02.00.png","contentUrl":"https:\/\/victorinotapes.hostings.tecnocampus.cat\/wp-content\/uploads\/2025\/02\/Captura-de-pantalla-2025-02-18-a-las-18.02.00.png","width":312,"height":306,"caption":"victorinotapes.hostings.tecnocampus.cat"},"image":{"@id":"https:\/\/victorinotapes.hostings.tecnocampus.cat\/#\/schema\/logo\/image\/"},"sameAs":["https:\/\/www.instagram.com\/victorino.cuinademercat?igsh=azJqanJ6ZWVrYXds"]}]}},"uagb_featured_image_src":{"full":false,"thumbnail":false,"medium":false,"medium_large":false,"large":false,"etfrtb_logo":false,"1536x1536":false,"2048x2048":false,"trp-custom-language-flag":false,"inspiro-featured-image":false,"inspiro-loop":false,"inspiro-loop@2x":false,"menu-24x24":false,"menu-36x36":false,"menu-48x48":false},"uagb_author_info":{"display_name":"aburgosm","author_link":"https:\/\/victorinotapes.hostings.tecnocampus.cat\/ca\/author\/aburgosm\/"},"uagb_comment_info":0,"uagb_excerpt":"Esta p\u00e1gina web se trata de un trabajo acad\u00e9mico para la asignatura de \u00abGesti\u00f3n de plataformas digitales\u00bb en la Universidad TecnoCampus en Matar\u00f3, Centro adscrito a la UPF.","_links":{"self":[{"href":"https:\/\/victorinotapes.hostings.tecnocampus.cat\/ca\/wp-json\/wp\/v2\/pages\/14","targetHints":{"allow":["GET"]}}],"collection":[{"href":"https:\/\/victorinotapes.hostings.tecnocampus.cat\/ca\/wp-json\/wp\/v2\/pages"}],"about":[{"href":"https:\/\/victorinotapes.hostings.tecnocampus.cat\/ca\/wp-json\/wp\/v2\/types\/page"}],"author":[{"embeddable":true,"href":"https:\/\/victorinotapes.hostings.tecnocampus.cat\/ca\/wp-json\/wp\/v2\/users\/1"}],"replies":[{"embeddable":true,"href":"https:\/\/victorinotapes.hostings.tecnocampus.cat\/ca\/wp-json\/wp\/v2\/comments?post=14"}],"version-history":[{"count":3,"href":"https:\/\/victorinotapes.hostings.tecnocampus.cat\/ca\/wp-json\/wp\/v2\/pages\/14\/revisions"}],"predecessor-version":[{"id":1709,"href":"https:\/\/victorinotapes.hostings.tecnocampus.cat\/ca\/wp-json\/wp\/v2\/pages\/14\/revisions\/1709"}],"wp:attachment":[{"href":"https:\/\/victorinotapes.hostings.tecnocampus.cat\/ca\/wp-json\/wp\/v2\/media?parent=14"}],"curies":[{"name":"wp","href":"https:\/\/api.w.org\/{rel}","templated":true}]}}