{"id":1331,"date":"2025-02-24T22:54:27","date_gmt":"2025-02-24T21:54:27","guid":{"rendered":"https:\/\/victorinotapes.hostings.tecnocampus.cat\/?page_id=1331"},"modified":"2025-03-06T17:39:03","modified_gmt":"2025-03-06T16:39:03","slug":"inicio","status":"publish","type":"page","link":"https:\/\/victorinotapes.hostings.tecnocampus.cat\/ca\/","title":{"rendered":"Inici"},"content":{"rendered":"<div data-elementor-type=\"wp-page\" data-elementor-id=\"1331\" class=\"elementor elementor-1331\">\n\t\t\t\t<div class=\"elementor-element elementor-element-54011ec0 e-flex e-con-boxed e-con e-parent\" data-id=\"54011ec0\" data-element_type=\"container\">\n\t\t\t\t\t<div class=\"e-con-inner\">\n\t\t\t\t<div class=\"elementor-element elementor-element-131f7173 elementor-widget elementor-widget-text-editor\" data-id=\"131f7173\" data-element_type=\"widget\" data-widget_type=\"text-editor.default\">\n\t\t\t\t<div class=\"elementor-widget-container\">\n\t\t\t\t\t\t\t\t\t<!DOCTYPE html>\n<html lang=\"es\">\n<head>\n  <meta charset=\"UTF-8\">\n  <title>Restaurante Victorino<\/title>\n  <!-- Carga la API de Google reCAPTCHA -->\n  <script src=\"https:\/\/www.google.com\/recaptcha\/api.js\" async defer><\/script>\n  <style>\n    \/* Fondo degradado global elegante y menos brillante *\/\n    body {\n      margin: 0;\n      font-family: \"Open Sans\", sans-serif;\n      background: linear-gradient(to right, #3e3e3e, #1f1f1f);\n      background-attachment: fixed;\n      background-size: cover;\n    }\n    \n    \/* Animaci\u00f3n de fadeIn para los bloques *\/\n    @keyframes fadeIn {\n      from { opacity: 0; }\n      to { opacity: 1; }\n    }\n    \n    \/* Cada bloque cover ocupar\u00e1 el 50% de la pantalla *\/\n    .wp-block-cover {\n      height: 50vh;\n      animation: fadeIn 1s ease;\n    }\n    \n    \/* Estilos de botones *\/\n    .btn {\n      display: inline-block;\n      padding: 1rem 2rem;\n      margin: 0.5rem;\n      text-decoration: none;\n      font-size: 1rem;\n      border-radius: 4px;\n      transition: background-color 0.3s ease;\n    }\n    .btn-reserva {\n      background-color: #84583d;\n      color: #fff;\n    }\n    .btn-carta {\n      background-color: #c5b8a4;\n      color: #fff;\n    }\n    .btn:hover {\n      opacity: 0.8;\n    }\n    \n    \/* Bloque Medio: Centrado del bot\u00f3n \"LA CARTA\" en el centro de la imagen *\/\n    .white-btn {\n      display: flex;\n      justify-content: center;\n      align-items: center;\n      height: 100%;\n    }\n    \n    \/* Peque\u00f1o Formulario de Valoraci\u00f3n con botones de estrellas *\/\n    .rating-section {\n      max-width: 800px;\n      margin: 2rem auto;\n      padding: 2rem;\n      background: rgba(255, 255, 255, 0.9);\n      border-radius: 8px;\n      box-shadow: 0 4px 8px rgba(0,0,0,0.1);\n      text-align: center;\n    }\n    .rating-section h2 {\n      color: #333;\n    }\n    .rating-section p {\n      color: #555;\n    }\n    .rating-section form {\n      display: flex;\n      flex-direction: column;\n      gap: 1rem;\n      align-items: center;\n    }\n    \/* Secci\u00f3n de estrellas: disposici\u00f3n horizontal, menor tama\u00f1o *\/\n    .rating-section .rating-stars {\n      display: flex;\n      gap: 0.3rem;\n      font-size: 1.2rem;\n    }\n    .rating-section .rating-stars label {\n      display: inline-block;\n      padding: 0.3rem;\n      margin: 0 0.1rem;\n      border: 1px solid #ccc;\n      border-radius: 4px;\n      background-color: #fff;\n      cursor: pointer;\n      transition: background-color 0.3s ease, border-color 0.3s ease;\n    }\n    .rating-section .rating-stars input {\n      display: none;\n    }\n    \/* Al seleccionar, el span se resalta *\/\n    .rating-section .rating-stars input:checked + span {\n      background-color: #ffcc00;\n      border-color: #ffcc00;\n    }\n    .rating-section .rating-stars span {\n      display: inline-block;\n      width: auto;\n      text-align: center;\n    }\n    .rating-section input[type=\"text\"],\n    .rating-section textarea {\n      padding: 0.75rem;\n      border: 1px solid #ccc;\n      border-radius: 4px;\n      font-size: 1rem;\n      width: 100%;\n      max-width: 500px;\n    }\n    #rating-thankyou {\n      display: none;\n      text-align: center;\n      color: #333;\n    }\n  <\/style>\n<\/head>\n<body>\n  <!-- Encabezado -->\n  <div class=\"wp-block-uagb-advanced-heading uagb-block-f10f32e1\">\n    <h2 class=\"uagb-heading-text\" style=\"color: #fff; text-align: center;\">Restaurant Victorino<\/h2>\n  <\/div>\n\n  <!-- NUEVA IMAGEN PRINCIPAL -->\n  <div style=\"text-align: center; margin: 1rem auto;\">\n    <img decoding=\"async\" \n      src=\"https:\/\/hevea.es\/wp-content\/uploads\/Decoracion-elegante-para-restaurante-de-lujo-o-de-diseno-1200x720.jpg\" \n      alt=\"Decoraci\u00f3n elegante del Restaurante Victorino\" \n      style=\"max-width: 100%; height: auto; border-radius: 8px;\"\n    >\n  <\/div>\n  \n  <!-- Bloque Superior: Imagen de fondo con bot\u00f3n RESERVA (50% de la pantalla) -->\n  <div class=\"wp-block-cover alignfull is-repeated\" style=\"background-image: url('https:\/\/victorinotapes.hostings.tecnocampus.cat\/wp-content\/uploads\/2025\/02\/restaurant-939435_640.jpg'); background-position: 1% 100%; background-size: cover;\">\n    <div class=\"wp-block-cover__inner-container\" style=\"text-align: center;\">\n      <div class=\"botones\">\n        <a class=\"btn btn-reserva\" href=\"https:\/\/victorinotapes.hostings.tecnocampus.cat\/ca\/reservar\/\">RESERVA<\/a>\n      <\/div>\n      <hr class=\"wp-block-separator has-alpha-channel-opacity\" \/>\n    <\/div>\n  <\/div>\n  \n  <!-- Bloque Medio: Imagen de fondo con bot\u00f3n LA CARTA centrado (50% de la pantalla) -->\n  <div class=\"wp-block-cover alignwide is-light has-custom-content-position is-position-center\" style=\"background-image: url('https:\/\/img.freepik.com\/foto-gratis\/mano-apuntando-al-papel-cerca-comida-mexicana_23-2147740714.jpg'); background-size: cover; background-position: center center; padding: 0 var(--wp--preset--spacing--x-large);\">\n    <div class=\"wp-block-cover__inner-container white-btn\">\n      <div class=\"botones\">\n        <a class=\"btn btn-carta\" href=\"https:\/\/victorinotapes.hostings.tecnocampus.cat\/ca\/carta-victorino\/\">LA CARTA<\/a>\n      <\/div>\n    <\/div>\n  <\/div>\n  \n  <!-- Bloque Inferior: Peque\u00f1o Formulario de Valoraci\u00f3n con botones de estrellas -->\n  <div class=\"rating-section\">\n    <h2>Valora el nostre Servei<\/h2>\n    <p>Explican's com ha sigue la teva experiencia.<\/p>\n    <form id=\"rating-form\" action=\"#\" method=\"post\" data-trp-original-action=\"#\">\n      <div class=\"rating-stars\">\n        <label for=\"rating1\">\n          <input id=\"rating1\" name=\"rating\" required type=\"radio\" value=\"1\" \/>\n          <span>1 \u2b50<\/span>\n        <\/label>\n        <label for=\"rating2\">\n          <input id=\"rating2\" name=\"rating\" type=\"radio\" value=\"2\" \/>\n          <span>2 \u2b50<\/span>\n        <\/label>\n        <label for=\"rating3\">\n          <input id=\"rating3\" name=\"rating\" type=\"radio\" value=\"3\" \/>\n          <span>3 \u2b50<\/span>\n        <\/label>\n        <label for=\"rating4\">\n          <input id=\"rating4\" name=\"rating\" type=\"radio\" value=\"4\" \/>\n          <span>4 \u2b50<\/span>\n        <\/label>\n        <label for=\"rating5\">\n          <input id=\"rating5\" name=\"rating\" type=\"radio\" value=\"5\" \/>\n          <span>5 \u2b50<\/span>\n        <\/label>\n      <\/div>\n      <input name=\"comentario\" type=\"text\" placeholder=\"Deixa un comentari (opcional)\" \/>\n      \n      <!-- Integraci\u00f3n de reCAPTCHA -->\n      <div class=\"g-recaptcha\" data-sitekey=\"6LdhfesqAAAAAN_ATPaf9wclzKaUd9yXL5hUXQ0w\"><\/div>\n      \n      <button class=\"btn btn-reserva\" type=\"submit\">Enviar valoraci\u00f3<\/button>\n    <input type=\"hidden\" name=\"trp-form-language\" value=\"ca\"\/><\/form>\n    <div id=\"rating-thankyou\">\n      <h2>\u00a1Gracias por tu valoraci\u00f3n!<\/h2>\n      <p>Apreciamos tu feedback.<\/p>\n    <\/div>\n  <\/div>\n  \n  <!-- Separador y contenido adicional opcional -->\n  <hr class=\"wp-block-separator aligncenter has-text-color has-contrast-color has-alpha-channel-opacity has-contrast-background-color has-background is-style-wide\" \/>\n  \n  <div class=\"wp-block-columns alignfull\">\n    <div class=\"wp-block-column\" style=\"flex-basis: 100%;\">\n      <hr class=\"wp-block-separator aligncenter has-alpha-channel-opacity\" \/>\n      <!-- Aqu\u00ed se puede insertar una galer\u00eda o contenido adicional -->\n    <\/div>\n  <\/div>\n  \n  <script>\n    \/\/ Intercepta el env\u00edo del formulario de valoraci\u00f3n y muestra el mensaje de agradecimiento\n    document.getElementById('rating-form').addEventListener('submit', function(e) {\n      e.preventDefault();\n      this.style.display = 'none';\n      document.getElementById('rating-thankyou').style.display = 'block';\n    });\n  <\/script>\n<\/body>\n<\/html>\n\t\t\t\t\t\t\t\t<\/div>\n\t\t\t\t<\/div>\n\t\t\t\t\t<\/div>\n\t\t\t\t<\/div>\n\t\t<div class=\"elementor-element elementor-element-8fdd491 e-flex e-con-boxed e-con e-parent\" data-id=\"8fdd491\" data-element_type=\"container\">\n\t\t\t\t\t<div class=\"e-con-inner\">\n\t\t\t\t<div class=\"elementor-element elementor-element-8985c72 elementor-shape-rounded elementor-grid-0 e-grid-align-center elementor-widget elementor-widget-social-icons\" data-id=\"8985c72\" data-element_type=\"widget\" data-widget_type=\"social-icons.default\">\n\t\t\t\t<div class=\"elementor-widget-container\">\n\t\t\t\t\t\t\t<div class=\"elementor-social-icons-wrapper elementor-grid\">\n\t\t\t\t\t\t\t<span class=\"elementor-grid-item\">\n\t\t\t\t\t<a class=\"elementor-icon elementor-social-icon elementor-social-icon-facebook elementor-repeater-item-02b8f80\" href=\"https:\/\/www.facebook.com\/p\/Victorino-Fernandez-100068668446747\/?locale=es_ES\" target=\"_blank\">\n\t\t\t\t\t\t<span class=\"elementor-screen-only\">Facebook<\/span>\n\t\t\t\t\t\t<svg class=\"e-font-icon-svg e-fab-facebook\" viewbox=\"0 0 512 512\" xmlns=\"http:\/\/www.w3.org\/2000\/svg\"><path d=\"M504 256C504 119 393 8 256 8S8 119 8 256c0 123.78 90.69 226.38 209.25 245V327.69h-63V256h63v-54.64c0-62.15 37-96.48 93.67-96.48 27.14 0 55.52 4.84 55.52 4.84v61h-31.28c-30.8 0-40.41 19.12-40.41 38.73V256h68.78l-11 71.69h-57.78V501C413.31 482.38 504 379.78 504 256z\"><\/path><\/svg>\t\t\t\t\t<\/a>\n\t\t\t\t<\/span>\n\t\t\t\t\t\t\t<span class=\"elementor-grid-item\">\n\t\t\t\t\t<a class=\"elementor-icon elementor-social-icon elementor-social-icon-instagram elementor-repeater-item-5f7c7e3\" href=\"https:\/\/www.instagram.com\/victorino.cuinademercat?igsh=azJqanJ6ZWVrYXds\" target=\"_blank\">\n\t\t\t\t\t\t<span class=\"elementor-screen-only\">Instagram<\/span>\n\t\t\t\t\t\t<svg class=\"e-font-icon-svg e-fab-instagram\" viewbox=\"0 0 448 512\" xmlns=\"http:\/\/www.w3.org\/2000\/svg\"><path d=\"M224.1 141c-63.6 0-114.9 51.3-114.9 114.9s51.3 114.9 114.9 114.9S339 319.5 339 255.9 287.7 141 224.1 141zm0 189.6c-41.1 0-74.7-33.5-74.7-74.7s33.5-74.7 74.7-74.7 74.7 33.5 74.7 74.7-33.6 74.7-74.7 74.7zm146.4-194.3c0 14.9-12 26.8-26.8 26.8-14.9 0-26.8-12-26.8-26.8s12-26.8 26.8-26.8 26.8 12 26.8 26.8zm76.1 27.2c-1.7-35.9-9.9-67.7-36.2-93.9-26.2-26.2-58-34.4-93.9-36.2-37-2.1-147.9-2.1-184.9 0-35.8 1.7-67.6 9.9-93.9 36.1s-34.4 58-36.2 93.9c-2.1 37-2.1 147.9 0 184.9 1.7 35.9 9.9 67.7 36.2 93.9s58 34.4 93.9 36.2c37 2.1 147.9 2.1 184.9 0 35.9-1.7 67.7-9.9 93.9-36.2 26.2-26.2 34.4-58 36.2-93.9 2.1-37 2.1-147.8 0-184.8zM398.8 388c-7.8 19.6-22.9 34.7-42.6 42.6-29.5 11.7-99.5 9-132.1 9s-102.7 2.6-132.1-9c-19.6-7.8-34.7-22.9-42.6-42.6-11.7-29.5-9-99.5-9-132.1s-2.6-102.7 9-132.1c7.8-19.6 22.9-34.7 42.6-42.6 29.5-11.7 99.5-9 132.1-9s102.7-2.6 132.1 9c19.6 7.8 34.7 22.9 42.6 42.6 11.7 29.5 9 99.5 9 132.1s2.7 102.7-9 132.1z\"><\/path><\/svg>\t\t\t\t\t<\/a>\n\t\t\t\t<\/span>\n\t\t\t\t\t<\/div>\n\t\t\t\t\t\t<\/div>\n\t\t\t\t<\/div>\n\t\t\t\t\t<\/div>\n\t\t\t\t<\/div>\n\t\t<div class=\"elementor-element elementor-element-7b17b30 e-flex e-con-boxed e-con e-parent\" data-id=\"7b17b30\" data-element_type=\"container\">\n\t\t\t\t\t<div class=\"e-con-inner\">\n\t\t\t\t\t<\/div>\n\t\t\t\t<\/div>\n\t\t\t\t<\/div>","protected":false},"excerpt":{"rendered":"<p>Restaurante Victorino Restaurante Victorino RESERVA LA CARTA Valora Nuestro Servicio Cu\u00e9ntanos c\u00f3mo ha sido tu experiencia. 1 \u2b50 2 \u2b50 3 \u2b50 4 \u2b50 5 \u2b50 Enviar Valoraci\u00f3n \u00a1Gracias por tu valoraci\u00f3n! Apreciamos tu feedback. Facebook Instagram<\/p>","protected":false},"author":6,"featured_media":0,"parent":0,"menu_order":0,"comment_status":"closed","ping_status":"closed","template":"","meta":{"_uag_custom_page_level_css":"","footnotes":""},"class_list":["post-1331","page","type-page","status-publish","hentry"],"yoast_head":"<!-- This site is optimized with the Yoast SEO plugin v24.6 - https:\/\/yoast.com\/wordpress\/plugins\/seo\/ -->\n<title>Inicio - victorinotapes.hostings.tecnocampus.cat P\u00e0gina de Inicio Descubre Nuestra Web Victorino Tapes<\/title>\n<meta name=\"description\" content=\"Bienvenidos a la p\u00e1gina de inicio de Victorino Tapes. Descubra m\u00e1s sobre nosotros y nuestra pasi\u00f3n, la cocina. Esperamos que les guste.\" \/>\n<meta name=\"robots\" content=\"noindex, follow, max-snippet:-1, max-image-preview:large, max-video-preview:-1\" \/>\n<meta property=\"og:locale\" content=\"ca_ES\" \/>\n<meta property=\"og:type\" content=\"article\" \/>\n<meta property=\"og:title\" content=\"Inicio - victorinotapes.hostings.tecnocampus.cat P\u00e0gina de Inicio Descubre Nuestra Web Victorino Tapes\" \/>\n<meta property=\"og:description\" content=\"Bienvenidos a la p\u00e1gina de inicio de Victorino Tapes. Descubra m\u00e1s sobre nosotros y nuestra pasi\u00f3n, la cocina. Esperamos que les guste.\" \/>\n<meta property=\"og:url\" content=\"https:\/\/victorinotapes.hostings.tecnocampus.cat\/ca\/\" \/>\n<meta property=\"og:site_name\" content=\"victorinotapes.hostings.tecnocampus.cat\" \/>\n<meta property=\"article:modified_time\" content=\"2025-03-06T16:39:03+00:00\" \/>\n<meta property=\"og:image\" content=\"https:\/\/hevea.es\/wp-content\/uploads\/Decoracion-elegante-para-restaurante-de-lujo-o-de-diseno-1200x720.jpg\" \/>\n<meta name=\"twitter:card\" content=\"summary_large_image\" \/>\n<meta name=\"twitter:label1\" content=\"Temps estimat de lectura\" \/>\n\t<meta name=\"twitter:data1\" content=\"1 minut\" \/>\n<script type=\"application\/ld+json\" class=\"yoast-schema-graph\">{\"@context\":\"https:\/\/schema.org\",\"@graph\":[{\"@type\":\"WebPage\",\"@id\":\"https:\/\/victorinotapes.hostings.tecnocampus.cat\/\",\"url\":\"https:\/\/victorinotapes.hostings.tecnocampus.cat\/\",\"name\":\"Inicio - victorinotapes.hostings.tecnocampus.cat P\u00e0gina de Inicio Descubre Nuestra Web Victorino Tapes\",\"isPartOf\":{\"@id\":\"https:\/\/victorinotapes.hostings.tecnocampus.cat\/#website\"},\"primaryImageOfPage\":{\"@id\":\"https:\/\/victorinotapes.hostings.tecnocampus.cat\/#primaryimage\"},\"image\":{\"@id\":\"https:\/\/victorinotapes.hostings.tecnocampus.cat\/#primaryimage\"},\"thumbnailUrl\":\"https:\/\/hevea.es\/wp-content\/uploads\/Decoracion-elegante-para-restaurante-de-lujo-o-de-diseno-1200x720.jpg\",\"datePublished\":\"2025-02-24T21:54:27+00:00\",\"dateModified\":\"2025-03-06T16:39:03+00:00\",\"description\":\"Bienvenidos a la p\u00e1gina de inicio de Victorino Tapes. Descubra m\u00e1s sobre nosotros y nuestra pasi\u00f3n, la cocina. Esperamos que les guste.\",\"breadcrumb\":{\"@id\":\"https:\/\/victorinotapes.hostings.tecnocampus.cat\/#breadcrumb\"},\"inLanguage\":\"ca\",\"potentialAction\":[{\"@type\":\"ReadAction\",\"target\":[\"https:\/\/victorinotapes.hostings.tecnocampus.cat\/\"]}]},{\"@type\":\"ImageObject\",\"inLanguage\":\"ca\",\"@id\":\"https:\/\/victorinotapes.hostings.tecnocampus.cat\/#primaryimage\",\"url\":\"https:\/\/hevea.es\/wp-content\/uploads\/Decoracion-elegante-para-restaurante-de-lujo-o-de-diseno-1200x720.jpg\",\"contentUrl\":\"https:\/\/hevea.es\/wp-content\/uploads\/Decoracion-elegante-para-restaurante-de-lujo-o-de-diseno-1200x720.jpg\"},{\"@type\":\"BreadcrumbList\",\"@id\":\"https:\/\/victorinotapes.hostings.tecnocampus.cat\/#breadcrumb\",\"itemListElement\":[{\"@type\":\"ListItem\",\"position\":1,\"name\":\"Portada\",\"item\":\"https:\/\/victorinotapes.hostings.tecnocampus.cat\/\"},{\"@type\":\"ListItem\",\"position\":2,\"name\":\"Inicio\"}]},{\"@type\":\"WebSite\",\"@id\":\"https:\/\/victorinotapes.hostings.tecnocampus.cat\/#website\",\"url\":\"https:\/\/victorinotapes.hostings.tecnocampus.cat\/\",\"name\":\"victorinotapes.hostings.tecnocampus.cat\",\"description\":\"Restaurante familiar ubicado en Gav\u00e0\",\"publisher\":{\"@id\":\"https:\/\/victorinotapes.hostings.tecnocampus.cat\/#organization\"},\"potentialAction\":[{\"@type\":\"SearchAction\",\"target\":{\"@type\":\"EntryPoint\",\"urlTemplate\":\"https:\/\/victorinotapes.hostings.tecnocampus.cat\/?s={search_term_string}\"},\"query-input\":{\"@type\":\"PropertyValueSpecification\",\"valueRequired\":true,\"valueName\":\"search_term_string\"}}],\"inLanguage\":\"ca\"},{\"@type\":\"Organization\",\"@id\":\"https:\/\/victorinotapes.hostings.tecnocampus.cat\/#organization\",\"name\":\"victorinotapes.hostings.tecnocampus.cat\",\"url\":\"https:\/\/victorinotapes.hostings.tecnocampus.cat\/\",\"logo\":{\"@type\":\"ImageObject\",\"inLanguage\":\"ca\",\"@id\":\"https:\/\/victorinotapes.hostings.tecnocampus.cat\/#\/schema\/logo\/image\/\",\"url\":\"https:\/\/victorinotapes.hostings.tecnocampus.cat\/wp-content\/uploads\/2025\/02\/Captura-de-pantalla-2025-02-18-a-las-18.02.00.png\",\"contentUrl\":\"https:\/\/victorinotapes.hostings.tecnocampus.cat\/wp-content\/uploads\/2025\/02\/Captura-de-pantalla-2025-02-18-a-las-18.02.00.png\",\"width\":312,\"height\":306,\"caption\":\"victorinotapes.hostings.tecnocampus.cat\"},\"image\":{\"@id\":\"https:\/\/victorinotapes.hostings.tecnocampus.cat\/#\/schema\/logo\/image\/\"},\"sameAs\":[\"https:\/\/www.instagram.com\/victorino.cuinademercat?igsh=azJqanJ6ZWVrYXds\"]}]}<\/script>\n<!-- \/ Yoast SEO plugin. -->","yoast_head_json":{"title":"Inicio - victorinotapes.hostings.tecnocampus.cat P\u00e0gina de Inicio Descubre Nuestra Web Victorino Tapes","description":"Bienvenidos a la p\u00e1gina de inicio de Victorino Tapes. Descubra m\u00e1s sobre nosotros y nuestra pasi\u00f3n, la cocina. Esperamos que les guste.","robots":{"index":"noindex","follow":"follow","max-snippet":"max-snippet:-1","max-image-preview":"max-image-preview:large","max-video-preview":"max-video-preview:-1"},"og_locale":"ca_ES","og_type":"article","og_title":"Inicio - victorinotapes.hostings.tecnocampus.cat P\u00e0gina de Inicio Descubre Nuestra Web Victorino Tapes","og_description":"Bienvenidos a la p\u00e1gina de inicio de Victorino Tapes. Descubra m\u00e1s sobre nosotros y nuestra pasi\u00f3n, la cocina. Esperamos que les guste.","og_url":"https:\/\/victorinotapes.hostings.tecnocampus.cat\/ca\/","og_site_name":"victorinotapes.hostings.tecnocampus.cat","article_modified_time":"2025-03-06T16:39:03+00:00","og_image":[{"url":"https:\/\/hevea.es\/wp-content\/uploads\/Decoracion-elegante-para-restaurante-de-lujo-o-de-diseno-1200x720.jpg","type":"","width":"","height":""}],"twitter_card":"summary_large_image","twitter_misc":{"Temps estimat de lectura":"1 minut"},"schema":{"@context":"https:\/\/schema.org","@graph":[{"@type":"WebPage","@id":"https:\/\/victorinotapes.hostings.tecnocampus.cat\/","url":"https:\/\/victorinotapes.hostings.tecnocampus.cat\/","name":"Inicio - victorinotapes.hostings.tecnocampus.cat P\u00e0gina de Inicio Descubre Nuestra Web Victorino Tapes","isPartOf":{"@id":"https:\/\/victorinotapes.hostings.tecnocampus.cat\/#website"},"primaryImageOfPage":{"@id":"https:\/\/victorinotapes.hostings.tecnocampus.cat\/#primaryimage"},"image":{"@id":"https:\/\/victorinotapes.hostings.tecnocampus.cat\/#primaryimage"},"thumbnailUrl":"https:\/\/hevea.es\/wp-content\/uploads\/Decoracion-elegante-para-restaurante-de-lujo-o-de-diseno-1200x720.jpg","datePublished":"2025-02-24T21:54:27+00:00","dateModified":"2025-03-06T16:39:03+00:00","description":"Bienvenidos a la p\u00e1gina de inicio de Victorino Tapes. Descubra m\u00e1s sobre nosotros y nuestra pasi\u00f3n, la cocina. Esperamos que les guste.","breadcrumb":{"@id":"https:\/\/victorinotapes.hostings.tecnocampus.cat\/#breadcrumb"},"inLanguage":"ca","potentialAction":[{"@type":"ReadAction","target":["https:\/\/victorinotapes.hostings.tecnocampus.cat\/"]}]},{"@type":"ImageObject","inLanguage":"ca","@id":"https:\/\/victorinotapes.hostings.tecnocampus.cat\/#primaryimage","url":"https:\/\/hevea.es\/wp-content\/uploads\/Decoracion-elegante-para-restaurante-de-lujo-o-de-diseno-1200x720.jpg","contentUrl":"https:\/\/hevea.es\/wp-content\/uploads\/Decoracion-elegante-para-restaurante-de-lujo-o-de-diseno-1200x720.jpg"},{"@type":"BreadcrumbList","@id":"https:\/\/victorinotapes.hostings.tecnocampus.cat\/#breadcrumb","itemListElement":[{"@type":"ListItem","position":1,"name":"Portada","item":"https:\/\/victorinotapes.hostings.tecnocampus.cat\/"},{"@type":"ListItem","position":2,"name":"Inicio"}]},{"@type":"WebSite","@id":"https:\/\/victorinotapes.hostings.tecnocampus.cat\/#website","url":"https:\/\/victorinotapes.hostings.tecnocampus.cat\/","name":"victorinotapes.hostings.tecnocampus.cat","description":"Restaurante familiar ubicado en Gav\u00e0","publisher":{"@id":"https:\/\/victorinotapes.hostings.tecnocampus.cat\/#organization"},"potentialAction":[{"@type":"SearchAction","target":{"@type":"EntryPoint","urlTemplate":"https:\/\/victorinotapes.hostings.tecnocampus.cat\/?s={search_term_string}"},"query-input":{"@type":"PropertyValueSpecification","valueRequired":true,"valueName":"search_term_string"}}],"inLanguage":"ca"},{"@type":"Organization","@id":"https:\/\/victorinotapes.hostings.tecnocampus.cat\/#organization","name":"victorinotapes.hostings.tecnocampus.cat","url":"https:\/\/victorinotapes.hostings.tecnocampus.cat\/","logo":{"@type":"ImageObject","inLanguage":"ca","@id":"https:\/\/victorinotapes.hostings.tecnocampus.cat\/#\/schema\/logo\/image\/","url":"https:\/\/victorinotapes.hostings.tecnocampus.cat\/wp-content\/uploads\/2025\/02\/Captura-de-pantalla-2025-02-18-a-las-18.02.00.png","contentUrl":"https:\/\/victorinotapes.hostings.tecnocampus.cat\/wp-content\/uploads\/2025\/02\/Captura-de-pantalla-2025-02-18-a-las-18.02.00.png","width":312,"height":306,"caption":"victorinotapes.hostings.tecnocampus.cat"},"image":{"@id":"https:\/\/victorinotapes.hostings.tecnocampus.cat\/#\/schema\/logo\/image\/"},"sameAs":["https:\/\/www.instagram.com\/victorino.cuinademercat?igsh=azJqanJ6ZWVrYXds"]}]}},"uagb_featured_image_src":{"full":false,"thumbnail":false,"medium":false,"medium_large":false,"large":false,"etfrtb_logo":false,"1536x1536":false,"2048x2048":false,"trp-custom-language-flag":false,"inspiro-featured-image":false,"inspiro-loop":false,"inspiro-loop@2x":false,"menu-24x24":false,"menu-36x36":false,"menu-48x48":false},"uagb_author_info":{"display_name":"genesisv","author_link":"https:\/\/victorinotapes.hostings.tecnocampus.cat\/ca\/author\/genesisv\/"},"uagb_comment_info":0,"uagb_excerpt":"Restaurante Victorino Restaurante Victorino RESERVA LA CARTA Valora Nuestro Servicio Cu\u00e9ntanos c\u00f3mo ha sido tu experiencia. 1 \u2b50 2 \u2b50 3 \u2b50 4 \u2b50 5 \u2b50 Enviar Valoraci\u00f3n \u00a1Gracias por tu valoraci\u00f3n! Apreciamos tu feedback. Facebook Instagram","_links":{"self":[{"href":"https:\/\/victorinotapes.hostings.tecnocampus.cat\/ca\/wp-json\/wp\/v2\/pages\/1331","targetHints":{"allow":["GET"]}}],"collection":[{"href":"https:\/\/victorinotapes.hostings.tecnocampus.cat\/ca\/wp-json\/wp\/v2\/pages"}],"about":[{"href":"https:\/\/victorinotapes.hostings.tecnocampus.cat\/ca\/wp-json\/wp\/v2\/types\/page"}],"author":[{"embeddable":true,"href":"https:\/\/victorinotapes.hostings.tecnocampus.cat\/ca\/wp-json\/wp\/v2\/users\/6"}],"replies":[{"embeddable":true,"href":"https:\/\/victorinotapes.hostings.tecnocampus.cat\/ca\/wp-json\/wp\/v2\/comments?post=1331"}],"version-history":[{"count":137,"href":"https:\/\/victorinotapes.hostings.tecnocampus.cat\/ca\/wp-json\/wp\/v2\/pages\/1331\/revisions"}],"predecessor-version":[{"id":1895,"href":"https:\/\/victorinotapes.hostings.tecnocampus.cat\/ca\/wp-json\/wp\/v2\/pages\/1331\/revisions\/1895"}],"wp:attachment":[{"href":"https:\/\/victorinotapes.hostings.tecnocampus.cat\/ca\/wp-json\/wp\/v2\/media?parent=1331"}],"curies":[{"name":"wp","href":"https:\/\/api.w.org\/{rel}","templated":true}]}}