{"id":1235,"date":"2025-02-18T18:33:35","date_gmt":"2025-02-18T17:33:35","guid":{"rendered":"https:\/\/victorinotapes.hostings.tecnocampus.cat\/?page_id=1235"},"modified":"2025-03-05T19:24:01","modified_gmt":"2025-03-05T18:24:01","slug":"horarios-y-mapa-interactivo","status":"publish","type":"page","link":"https:\/\/victorinotapes.hostings.tecnocampus.cat\/ca\/horarios-y-mapa-interactivo\/","title":{"rendered":"Horaris"},"content":{"rendered":"<div data-elementor-type=\"wp-page\" data-elementor-id=\"1235\" class=\"elementor elementor-1235\">\n\t\t\t\t<div class=\"elementor-element elementor-element-aefe66e e-flex e-con-boxed e-con e-parent\" data-id=\"aefe66e\" data-element_type=\"container\">\n\t\t\t\t\t<div class=\"e-con-inner\">\n\t\t\t\t<div class=\"elementor-element elementor-element-3ae3082 elementor-widget elementor-widget-text-editor\" data-id=\"3ae3082\" data-element_type=\"widget\" data-widget_type=\"text-editor.default\">\n\t\t\t\t<div class=\"elementor-widget-container\">\n\t\t\t\t\t\t\t\t\t<div class=\"wp-block-cover__inner-container\">\n<p><\/p>\n<h3 class=\"wp-block-heading has-text-align-center has-xx-large-font-size is-vertical is-content-justification-center is-layout-flex wp-container-core-group-is-layout-2 wp-block-group-is-layout-flex\">Horaris:<\/h3>\n<p>\n\n<\/p>\n<figure class=\"wp-block-table\">\n<table class=\"has-fixed-layout\">\n<tbody>\n<tr>\n<td>Dilluns<\/td>\n<td>Tancat<\/td>\n<\/tr>\n<tr>\n<td>Dimarts<\/td>\n<td>Tancat<\/td>\n<\/tr>\n<tr>\n<td>Dimecres<\/td>\n<td>13:00\u201315:30<\/td>\n<\/tr>\n<tr>\n<td>Dijous<\/td>\n<td>13:00\u201315:30<\/td>\n<\/tr>\n<tr>\n<td>Divendres<\/td>\n<td>13:00\u201315:30 19:00\u201323:00<\/td>\n<\/tr>\n<tr>\n<td>Dissabte<\/td>\n<td>12:00\u201315:00<br \/>20:00-23:00<\/td>\n<\/tr>\n<tr>\n<td>Diumenge<\/td>\n<td>12:00\u201315:00<\/td>\n<\/tr>\n<\/tbody>\n<\/table>\n<\/figure>\n<div class=\"wp-block-buttons\">\n<p><\/p>\n<\/div>\n<p><!-- \/wp:buttons --><\/p>\n<\/div>\n<\/div>\n<p><!-- \/wp:cover --><\/p>\t\t\t\t\t\t\t\t<\/div>\n\t\t\t\t<\/div>\n\t\t\t\t\t<\/div>\n\t\t\t\t<\/div>\n\t\t<div class=\"elementor-element elementor-element-c182812 e-flex e-con-boxed e-con e-parent\" data-id=\"c182812\" data-element_type=\"container\">\n\t\t\t\t\t<div class=\"e-con-inner\">\n\t\t\t\t<div class=\"elementor-element elementor-element-929a6ba elementor-widget elementor-widget-google_maps\" data-id=\"929a6ba\" data-element_type=\"widget\" data-widget_type=\"google_maps.default\">\n\t\t\t\t<div class=\"elementor-widget-container\">\n\t\t\t\t\t\t\t<div class=\"elementor-custom-embed\">\n\t\t\t<iframe loading=\"lazy\"\n\t\t\t\t\tsrc=\"https:\/\/maps.google.com\/maps?q=Carrer%20Cap%20de%20Creus%2C%2031%2C%20Gav%C3%A0%2C%20Catalu%C3%B1a%2C%20Espa%C3%B1a&#038;t=m&#038;z=10&#038;output=embed&#038;iwloc=near\"\n\t\t\t\t\ttitle=\"Carrer Cap de Creus, 31, Gav\u00e0, Catalu\u00f1a, Espa\u00f1a\"\n\t\t\t\t\taria-label=\"Carrer Cap de Creus, 31, Gav\u00e0, Catalu\u00f1a, Espa\u00f1a\"\n\t\t\t><\/iframe>\n\t\t<\/div>\n\t\t\t\t\t\t<\/div>\n\t\t\t\t<\/div>\n\t\t\t\t\t<\/div>\n\t\t\t\t<\/div>\n\t\t<div class=\"elementor-element elementor-element-626e67b e-flex e-con-boxed e-con e-parent\" data-id=\"626e67b\" data-element_type=\"container\">\n\t\t\t\t\t<div class=\"e-con-inner\">\n\t\t\t\t<div class=\"elementor-element elementor-element-b833566 elementor-shape-rounded elementor-grid-0 e-grid-align-center elementor-widget elementor-widget-social-icons\" data-id=\"b833566\" data-element_type=\"widget\" data-widget_type=\"social-icons.default\">\n\t\t\t\t<div class=\"elementor-widget-container\">\n\t\t\t\t\t\t\t<div class=\"elementor-social-icons-wrapper elementor-grid\">\n\t\t\t\t\t\t\t<span class=\"elementor-grid-item\">\n\t\t\t\t\t<a class=\"elementor-icon elementor-social-icon elementor-social-icon-facebook elementor-repeater-item-02b8f80\" href=\"https:\/\/www.facebook.com\/p\/Victorino-Fernandez-100068668446747\/?locale=es_ES\" target=\"_blank\">\n\t\t\t\t\t\t<span class=\"elementor-screen-only\">Facebook<\/span>\n\t\t\t\t\t\t<svg class=\"e-font-icon-svg e-fab-facebook\" viewbox=\"0 0 512 512\" xmlns=\"http:\/\/www.w3.org\/2000\/svg\"><path d=\"M504 256C504 119 393 8 256 8S8 119 8 256c0 123.78 90.69 226.38 209.25 245V327.69h-63V256h63v-54.64c0-62.15 37-96.48 93.67-96.48 27.14 0 55.52 4.84 55.52 4.84v61h-31.28c-30.8 0-40.41 19.12-40.41 38.73V256h68.78l-11 71.69h-57.78V501C413.31 482.38 504 379.78 504 256z\"><\/path><\/svg>\t\t\t\t\t<\/a>\n\t\t\t\t<\/span>\n\t\t\t\t\t\t\t<span class=\"elementor-grid-item\">\n\t\t\t\t\t<a class=\"elementor-icon elementor-social-icon elementor-social-icon-instagram elementor-repeater-item-5f7c7e3\" href=\"https:\/\/www.instagram.com\/victorino.cuinademercat\/\" target=\"_blank\">\n\t\t\t\t\t\t<span class=\"elementor-screen-only\">Instagram<\/span>\n\t\t\t\t\t\t<svg class=\"e-font-icon-svg e-fab-instagram\" viewbox=\"0 0 448 512\" xmlns=\"http:\/\/www.w3.org\/2000\/svg\"><path d=\"M224.1 141c-63.6 0-114.9 51.3-114.9 114.9s51.3 114.9 114.9 114.9S339 319.5 339 255.9 287.7 141 224.1 141zm0 189.6c-41.1 0-74.7-33.5-74.7-74.7s33.5-74.7 74.7-74.7 74.7 33.5 74.7 74.7-33.6 74.7-74.7 74.7zm146.4-194.3c0 14.9-12 26.8-26.8 26.8-14.9 0-26.8-12-26.8-26.8s12-26.8 26.8-26.8 26.8 12 26.8 26.8zm76.1 27.2c-1.7-35.9-9.9-67.7-36.2-93.9-26.2-26.2-58-34.4-93.9-36.2-37-2.1-147.9-2.1-184.9 0-35.8 1.7-67.6 9.9-93.9 36.1s-34.4 58-36.2 93.9c-2.1 37-2.1 147.9 0 184.9 1.7 35.9 9.9 67.7 36.2 93.9s58 34.4 93.9 36.2c37 2.1 147.9 2.1 184.9 0 35.9-1.7 67.7-9.9 93.9-36.2 26.2-26.2 34.4-58 36.2-93.9 2.1-37 2.1-147.8 0-184.8zM398.8 388c-7.8 19.6-22.9 34.7-42.6 42.6-29.5 11.7-99.5 9-132.1 9s-102.7 2.6-132.1-9c-19.6-7.8-34.7-22.9-42.6-42.6-11.7-29.5-9-99.5-9-132.1s-2.6-102.7 9-132.1c7.8-19.6 22.9-34.7 42.6-42.6 29.5-11.7 99.5-9 132.1-9s102.7-2.6 132.1 9c19.6 7.8 34.7 22.9 42.6 42.6 11.7 29.5 9 99.5 9 132.1s2.7 102.7-9 132.1z\"><\/path><\/svg>\t\t\t\t\t<\/a>\n\t\t\t\t<\/span>\n\t\t\t\t\t<\/div>\n\t\t\t\t\t\t<\/div>\n\t\t\t\t<\/div>\n\t\t\t\t\t<\/div>\n\t\t\t\t<\/div>\n\t\t\t\t<\/div>","protected":false},"excerpt":{"rendered":"<p>Horarios: Lunes Cerrado Martes Cerrado Mi\u00e9rcoles 13:00\u201315:30 Jueves 13:00\u201315:30 Viernes 13:00\u201315:30 19:00\u201323:00 S\u00e1bado 12:00\u201315:0020:00-23:00 Domingo 12:00\u201315:00 Facebook Instagram<\/p>","protected":false},"author":4,"featured_media":0,"parent":0,"menu_order":0,"comment_status":"closed","ping_status":"closed","template":"","meta":{"_uag_custom_page_level_css":"","footnotes":""},"class_list":["post-1235","page","type-page","status-publish","hentry"],"yoast_head":"<!-- This site is optimized with the Yoast SEO plugin v24.6 - https:\/\/yoast.com\/wordpress\/plugins\/seo\/ -->\n<title>Horarios - victorinotapes.hostings.tecnocampus.cat Horarios Mapa Interactivo Abierto Cerrado<\/title>\n<meta name=\"description\" content=\"&quot;Consulta horarios de apertura, encuentra tu mesa ideal y planifica tu cena de manera f\u00e1cil y r\u00e1pida. Incluye un mapa del lugar.&quot;\" \/>\n<meta name=\"robots\" content=\"noindex, follow, max-snippet:-1, max-image-preview:large, max-video-preview:-1\" \/>\n<meta property=\"og:locale\" content=\"ca_ES\" \/>\n<meta property=\"og:type\" content=\"article\" \/>\n<meta property=\"og:title\" content=\"Horarios - victorinotapes.hostings.tecnocampus.cat Horarios Mapa Interactivo Abierto Cerrado\" \/>\n<meta property=\"og:description\" content=\"&quot;Consulta horarios de apertura, encuentra tu mesa ideal y planifica tu cena de manera f\u00e1cil y r\u00e1pida. Incluye un mapa del lugar.&quot;\" \/>\n<meta property=\"og:url\" content=\"https:\/\/victorinotapes.hostings.tecnocampus.cat\/ca\/horarios-y-mapa-interactivo\/\" \/>\n<meta property=\"og:site_name\" content=\"victorinotapes.hostings.tecnocampus.cat\" \/>\n<meta property=\"article:modified_time\" content=\"2025-03-05T18:24:01+00:00\" \/>\n<meta name=\"twitter:card\" content=\"summary_large_image\" \/>\n<meta name=\"twitter:label1\" content=\"Temps estimat de lectura\" \/>\n\t<meta name=\"twitter:data1\" content=\"1 minut\" \/>\n<script type=\"application\/ld+json\" class=\"yoast-schema-graph\">{\"@context\":\"https:\/\/schema.org\",\"@graph\":[{\"@type\":\"WebPage\",\"@id\":\"https:\/\/victorinotapes.hostings.tecnocampus.cat\/horarios-y-mapa-interactivo\/\",\"url\":\"https:\/\/victorinotapes.hostings.tecnocampus.cat\/horarios-y-mapa-interactivo\/\",\"name\":\"Horarios - victorinotapes.hostings.tecnocampus.cat Horarios Mapa Interactivo Abierto Cerrado\",\"isPartOf\":{\"@id\":\"https:\/\/victorinotapes.hostings.tecnocampus.cat\/#website\"},\"datePublished\":\"2025-02-18T17:33:35+00:00\",\"dateModified\":\"2025-03-05T18:24:01+00:00\",\"description\":\"\\\"Consulta horarios de apertura, encuentra tu mesa ideal y planifica tu cena de manera f\u00e1cil y r\u00e1pida. Incluye un mapa del lugar.\\\"\",\"breadcrumb\":{\"@id\":\"https:\/\/victorinotapes.hostings.tecnocampus.cat\/horarios-y-mapa-interactivo\/#breadcrumb\"},\"inLanguage\":\"ca\",\"potentialAction\":[{\"@type\":\"ReadAction\",\"target\":[\"https:\/\/victorinotapes.hostings.tecnocampus.cat\/horarios-y-mapa-interactivo\/\"]}]},{\"@type\":\"BreadcrumbList\",\"@id\":\"https:\/\/victorinotapes.hostings.tecnocampus.cat\/horarios-y-mapa-interactivo\/#breadcrumb\",\"itemListElement\":[{\"@type\":\"ListItem\",\"position\":1,\"name\":\"Portada\",\"item\":\"https:\/\/victorinotapes.hostings.tecnocampus.cat\/\"},{\"@type\":\"ListItem\",\"position\":2,\"name\":\"Horarios\"}]},{\"@type\":\"WebSite\",\"@id\":\"https:\/\/victorinotapes.hostings.tecnocampus.cat\/#website\",\"url\":\"https:\/\/victorinotapes.hostings.tecnocampus.cat\/\",\"name\":\"victorinotapes.hostings.tecnocampus.cat\",\"description\":\"Restaurante familiar ubicado en Gav\u00e0\",\"publisher\":{\"@id\":\"https:\/\/victorinotapes.hostings.tecnocampus.cat\/#organization\"},\"potentialAction\":[{\"@type\":\"SearchAction\",\"target\":{\"@type\":\"EntryPoint\",\"urlTemplate\":\"https:\/\/victorinotapes.hostings.tecnocampus.cat\/?s={search_term_string}\"},\"query-input\":{\"@type\":\"PropertyValueSpecification\",\"valueRequired\":true,\"valueName\":\"search_term_string\"}}],\"inLanguage\":\"ca\"},{\"@type\":\"Organization\",\"@id\":\"https:\/\/victorinotapes.hostings.tecnocampus.cat\/#organization\",\"name\":\"victorinotapes.hostings.tecnocampus.cat\",\"url\":\"https:\/\/victorinotapes.hostings.tecnocampus.cat\/\",\"logo\":{\"@type\":\"ImageObject\",\"inLanguage\":\"ca\",\"@id\":\"https:\/\/victorinotapes.hostings.tecnocampus.cat\/#\/schema\/logo\/image\/\",\"url\":\"https:\/\/victorinotapes.hostings.tecnocampus.cat\/wp-content\/uploads\/2025\/02\/Captura-de-pantalla-2025-02-18-a-las-18.02.00.png\",\"contentUrl\":\"https:\/\/victorinotapes.hostings.tecnocampus.cat\/wp-content\/uploads\/2025\/02\/Captura-de-pantalla-2025-02-18-a-las-18.02.00.png\",\"width\":312,\"height\":306,\"caption\":\"victorinotapes.hostings.tecnocampus.cat\"},\"image\":{\"@id\":\"https:\/\/victorinotapes.hostings.tecnocampus.cat\/#\/schema\/logo\/image\/\"},\"sameAs\":[\"https:\/\/www.instagram.com\/victorino.cuinademercat?igsh=azJqanJ6ZWVrYXds\"]}]}<\/script>\n<!-- \/ Yoast SEO plugin. -->","yoast_head_json":{"title":"Horarios - victorinotapes.hostings.tecnocampus.cat Horarios Mapa Interactivo Abierto Cerrado","description":"\"Consulta horarios de apertura, encuentra tu mesa ideal y planifica tu cena de manera f\u00e1cil y r\u00e1pida. Incluye un mapa del lugar.\"","robots":{"index":"noindex","follow":"follow","max-snippet":"max-snippet:-1","max-image-preview":"max-image-preview:large","max-video-preview":"max-video-preview:-1"},"og_locale":"ca_ES","og_type":"article","og_title":"Horarios - victorinotapes.hostings.tecnocampus.cat Horarios Mapa Interactivo Abierto Cerrado","og_description":"\"Consulta horarios de apertura, encuentra tu mesa ideal y planifica tu cena de manera f\u00e1cil y r\u00e1pida. Incluye un mapa del lugar.\"","og_url":"https:\/\/victorinotapes.hostings.tecnocampus.cat\/ca\/horarios-y-mapa-interactivo\/","og_site_name":"victorinotapes.hostings.tecnocampus.cat","article_modified_time":"2025-03-05T18:24:01+00:00","twitter_card":"summary_large_image","twitter_misc":{"Temps estimat de lectura":"1 minut"},"schema":{"@context":"https:\/\/schema.org","@graph":[{"@type":"WebPage","@id":"https:\/\/victorinotapes.hostings.tecnocampus.cat\/horarios-y-mapa-interactivo\/","url":"https:\/\/victorinotapes.hostings.tecnocampus.cat\/horarios-y-mapa-interactivo\/","name":"Horarios - victorinotapes.hostings.tecnocampus.cat Horarios Mapa Interactivo Abierto Cerrado","isPartOf":{"@id":"https:\/\/victorinotapes.hostings.tecnocampus.cat\/#website"},"datePublished":"2025-02-18T17:33:35+00:00","dateModified":"2025-03-05T18:24:01+00:00","description":"\"Consulta horarios de apertura, encuentra tu mesa ideal y planifica tu cena de manera f\u00e1cil y r\u00e1pida. Incluye un mapa del lugar.\"","breadcrumb":{"@id":"https:\/\/victorinotapes.hostings.tecnocampus.cat\/horarios-y-mapa-interactivo\/#breadcrumb"},"inLanguage":"ca","potentialAction":[{"@type":"ReadAction","target":["https:\/\/victorinotapes.hostings.tecnocampus.cat\/horarios-y-mapa-interactivo\/"]}]},{"@type":"BreadcrumbList","@id":"https:\/\/victorinotapes.hostings.tecnocampus.cat\/horarios-y-mapa-interactivo\/#breadcrumb","itemListElement":[{"@type":"ListItem","position":1,"name":"Portada","item":"https:\/\/victorinotapes.hostings.tecnocampus.cat\/"},{"@type":"ListItem","position":2,"name":"Horarios"}]},{"@type":"WebSite","@id":"https:\/\/victorinotapes.hostings.tecnocampus.cat\/#website","url":"https:\/\/victorinotapes.hostings.tecnocampus.cat\/","name":"victorinotapes.hostings.tecnocampus.cat","description":"Restaurante familiar ubicado en Gav\u00e0","publisher":{"@id":"https:\/\/victorinotapes.hostings.tecnocampus.cat\/#organization"},"potentialAction":[{"@type":"SearchAction","target":{"@type":"EntryPoint","urlTemplate":"https:\/\/victorinotapes.hostings.tecnocampus.cat\/?s={search_term_string}"},"query-input":{"@type":"PropertyValueSpecification","valueRequired":true,"valueName":"search_term_string"}}],"inLanguage":"ca"},{"@type":"Organization","@id":"https:\/\/victorinotapes.hostings.tecnocampus.cat\/#organization","name":"victorinotapes.hostings.tecnocampus.cat","url":"https:\/\/victorinotapes.hostings.tecnocampus.cat\/","logo":{"@type":"ImageObject","inLanguage":"ca","@id":"https:\/\/victorinotapes.hostings.tecnocampus.cat\/#\/schema\/logo\/image\/","url":"https:\/\/victorinotapes.hostings.tecnocampus.cat\/wp-content\/uploads\/2025\/02\/Captura-de-pantalla-2025-02-18-a-las-18.02.00.png","contentUrl":"https:\/\/victorinotapes.hostings.tecnocampus.cat\/wp-content\/uploads\/2025\/02\/Captura-de-pantalla-2025-02-18-a-las-18.02.00.png","width":312,"height":306,"caption":"victorinotapes.hostings.tecnocampus.cat"},"image":{"@id":"https:\/\/victorinotapes.hostings.tecnocampus.cat\/#\/schema\/logo\/image\/"},"sameAs":["https:\/\/www.instagram.com\/victorino.cuinademercat?igsh=azJqanJ6ZWVrYXds"]}]}},"uagb_featured_image_src":{"full":false,"thumbnail":false,"medium":false,"medium_large":false,"large":false,"etfrtb_logo":false,"1536x1536":false,"2048x2048":false,"trp-custom-language-flag":false,"inspiro-featured-image":false,"inspiro-loop":false,"inspiro-loop@2x":false,"menu-24x24":false,"menu-36x36":false,"menu-48x48":false},"uagb_author_info":{"display_name":"victorn","author_link":"https:\/\/victorinotapes.hostings.tecnocampus.cat\/ca\/author\/victorn\/"},"uagb_comment_info":0,"uagb_excerpt":"Horarios: Lunes Cerrado Martes Cerrado Mi\u00e9rcoles 13:00\u201315:30 Jueves 13:00\u201315:30 Viernes 13:00\u201315:30 19:00\u201323:00 S\u00e1bado 12:00\u201315:0020:00-23:00 Domingo 12:00\u201315:00 Facebook Instagram","_links":{"self":[{"href":"https:\/\/victorinotapes.hostings.tecnocampus.cat\/ca\/wp-json\/wp\/v2\/pages\/1235","targetHints":{"allow":["GET"]}}],"collection":[{"href":"https:\/\/victorinotapes.hostings.tecnocampus.cat\/ca\/wp-json\/wp\/v2\/pages"}],"about":[{"href":"https:\/\/victorinotapes.hostings.tecnocampus.cat\/ca\/wp-json\/wp\/v2\/types\/page"}],"author":[{"embeddable":true,"href":"https:\/\/victorinotapes.hostings.tecnocampus.cat\/ca\/wp-json\/wp\/v2\/users\/4"}],"replies":[{"embeddable":true,"href":"https:\/\/victorinotapes.hostings.tecnocampus.cat\/ca\/wp-json\/wp\/v2\/comments?post=1235"}],"version-history":[{"count":14,"href":"https:\/\/victorinotapes.hostings.tecnocampus.cat\/ca\/wp-json\/wp\/v2\/pages\/1235\/revisions"}],"predecessor-version":[{"id":1703,"href":"https:\/\/victorinotapes.hostings.tecnocampus.cat\/ca\/wp-json\/wp\/v2\/pages\/1235\/revisions\/1703"}],"wp:attachment":[{"href":"https:\/\/victorinotapes.hostings.tecnocampus.cat\/ca\/wp-json\/wp\/v2\/media?parent=1235"}],"curies":[{"name":"wp","href":"https:\/\/api.w.org\/{rel}","templated":true}]}}