{"id":1227,"date":"2025-02-12T07:07:11","date_gmt":"2025-02-12T06:07:11","guid":{"rendered":"https:\/\/victorinotapes.hostings.tecnocampus.cat\/?page_id=1227"},"modified":"2025-03-06T17:38:17","modified_gmt":"2025-03-06T16:38:17","slug":"contactarnos","status":"publish","type":"page","link":"https:\/\/victorinotapes.hostings.tecnocampus.cat\/ca\/contactarnos\/","title":{"rendered":"Cont\u00e0ctan's"},"content":{"rendered":"<div data-elementor-type=\"wp-page\" data-elementor-id=\"1227\" class=\"elementor elementor-1227\">\n\t\t\t\t<div class=\"elementor-element elementor-element-1936d5db e-flex e-con-boxed e-con e-parent\" data-id=\"1936d5db\" data-element_type=\"container\">\n\t\t\t\t\t<div class=\"e-con-inner\">\n\t\t\t\t<div class=\"elementor-element elementor-element-2cf3de15 elementor-widget elementor-widget-text-editor\" data-id=\"2cf3de15\" data-element_type=\"widget\" data-widget_type=\"text-editor.default\">\n\t\t\t\t<div class=\"elementor-widget-container\">\n\t\t\t\t\t\t\t\t\t<!DOCTYPE html>\n<html lang=\"es\">\n<head>\n  <meta charset=\"UTF-8\">\n  <title>Contacto &#8211; Victorino Tapes<\/title>\n  <!-- Carga la API de Google reCAPTCHA -->\n  <script src=\"https:\/\/www.google.com\/recaptcha\/api.js\" async defer><\/script>\n\n  <style>\n    body {\n      margin: 0;\n      font-family: \"Open Sans\", sans-serif;\n      background: linear-gradient(to right, #3e3e3e, #1f1f1f);\n      background-attachment: fixed;\n      background-size: cover;\n    }\n    .contact-section {\n      max-width: 800px;\n      margin: 2rem auto;\n      padding: 2rem;\n      background: rgba(255, 255, 255, 0.95);\n      border-radius: 8px;\n      box-shadow: 0 4px 12px rgba(0,0,0,0.2);\n    }\n    .contact-section h2 {\n      text-align: center;\n      color: #333;\n    }\n    .contact-section p {\n      text-align: center;\n      color: #555;\n    }\n    .contact-section form {\n      display: flex;\n      flex-direction: column;\n      gap: 1rem;\n    }\n    .contact-section label {\n      color: #333;\n      font-weight: bold;\n    }\n    .contact-section input,\n    .contact-section textarea,\n    .contact-section select {\n      padding: 0.75rem;\n      border: 1px solid #ccc;\n      border-radius: 4px;\n      font-size: 1rem;\n      width: 100%;\n    }\n    .contact-section button {\n      align-self: center;\n      padding: 0.75rem 1.5rem;\n      background-color: #84583d;\n      color: #fff;\n      border: none;\n      border-radius: 4px;\n      cursor: pointer;\n      transition: background-color 0.3s ease;\n    }\n    .contact-section button:hover {\n      opacity: 0.9;\n    }\n    #thankyou-message {\n      display: none;\n      text-align: center;\n      color: #333;\n    }\n    .map-section {\n      max-width: 800px;\n      margin: 2rem auto;\n      text-align: center;\n      color: #333;\n    }\n    .map-section h3 {\n      margin-bottom: 1rem;\n      color: #fff;\n    }\n    .map-container {\n      position: relative;\n      width: 100%;\n      height: 450px;\n      border-radius: 8px;\n      box-shadow: 0 4px 12px rgba(0,0,0,0.2);\n      overflow: hidden;\n    }\n    .map-section iframe {\n      width: 100%;\n      height: 100%;\n      border: 0;\n    }\n    .map-link {\n      margin-top: 1rem;\n    }\n    .map-link a {\n      text-decoration: none;\n      font-weight: bold;\n      color: #84583d;\n      font-size: 1.1rem;\n    }\n  <\/style>\n<\/head>\n<body>\n\n  <!-- Secci\u00f3n de Contacto -->\n  <div id=\"contact-section\" class=\"contact-section\">\n    <h2>Contacte - Victorino Tapes<\/h2>\n    <p>Completeu el seg\u00fcent formulari i ens posarem en contacte amb vost\u00e8 a la brevetat.<\/p>\n\n    <form id=\"contact-form\" action=\"#\" method=\"post\" data-trp-original-action=\"#\">\n      <label for=\"nombre\">Nom Complert<\/label>\n      <input id=\"nombre\" name=\"nombre\" required type=\"text\" placeholder=\"El teu nom\" \/>\n\n      <label for=\"email\">Correu Electr\u00f2nic:<\/label>\n      <input id=\"email\" name=\"email\" required type=\"email\" placeholder=\"tu@correo.com\" \/>\n\n      <label for=\"telefono\">Tel\u00e8fon (opcional):<\/label>\n      <input id=\"telefono\" name=\"telefono\" type=\"tel\" placeholder=\"El teu n\u00f9mero de tel\u00e8fon\" \/>\n\n      <label for=\"asunto\">Assumpte:<\/label>\n      <input id=\"asunto\" name=\"asunto\" required type=\"text\" placeholder=\"Breu descripci\u00f3:\" \/>\n\n      <label for=\"categoria\">Categoria:<\/label>\n      <select id=\"categoria\" name=\"categoria\" required>\n        <option value=\"\">Seleccione una opci\u00f3n<\/option>\n        <option value=\"reservas\">Reservas<\/option>\n        <option value=\"carta\">Carta<\/option>\n        <option value=\"sugerencias\">Sugerencias<\/option>\n        <option value=\"quejas\">Quejas<\/option>\n      <\/select>\n\n      <label for=\"mensaje\">Missatge:<\/label>\n      <textarea id=\"mensaje\" name=\"mensaje\" required rows=\"6\" placeholder=\"Descriu la teva consulta o comentari\"><\/textarea>\n\n      <!-- reCAPTCHA: Usa tu clave de sitio aqu\u00ed -->\n      <div class=\"g-recaptcha\" data-sitekey=\"6LdhfesqAAAAAN_ATPaf9wclzKaUd9yXL5hUXQ0w\"><\/div>\n\n      <button type=\"submit\">Envia la sol.licitud<\/button>\n    <input type=\"hidden\" name=\"trp-form-language\" value=\"ca\"\/><\/form>\n\n    <div id=\"thankyou-message\">\n      <h2>\u00a1Gracias por contactarnos!<\/h2>\n      <p>Nos pondremos en contacto con usted lo antes posible.<\/p>\n    <\/div>\n  <\/div>\n\n  <!-- Secci\u00f3n del Mapa -->\n  <div class=\"map-section\">\n    <h3>La Nostra Ubicaci\u00f3<\/h3>\n    <div class=\"map-container\">\n      <iframe\n        src=\"https:\/\/www.google.com\/maps\/d\/embed?mid=1XX20K5HIeQ8EHt1zuGX3bLix26kewuE\"\n        allowfullscreen=\"allowfullscreen\"\n      ><\/iframe>\n    <\/div>\n    <div class=\"map-link\">\n      <a href=\"https:\/\/maps.app.goo.gl\/UEn6f81wNMKMma3J8\" target=\"_blank\" rel=\"noopener\">\n        Local: Victorino Tapes. \u00a1Encu\u00e9ntranos aqu\u00ed! &rarr;\n      <\/a>\n    <\/div>\n  <\/div>\n\n  <script>\n    \/\/ Intercepta el env\u00edo del formulario y muestra el mensaje de agradecimiento\n    document.getElementById('contact-form').addEventListener('submit', function(e) {\n      e.preventDefault();\n\n      \/\/ Aqu\u00ed podr\u00edas validar la respuesta de reCAPTCHA en tu backend.\n      \/\/ De momento, asumimos que si el usuario hace clic, se env\u00eda.\n\n      \/\/ Oculta el formulario\n      this.style.display = 'none';\n\n      \/\/ Muestra el mensaje de agradecimiento\n      document.getElementById('thankyou-message').style.display = 'block';\n    });\n  <\/script>\n<\/body>\n<\/html>\t\t\t\t\t\t\t\t<\/div>\n\t\t\t\t<\/div>\n\t\t\t\t\t<\/div>\n\t\t\t\t<\/div>\n\t\t<div class=\"elementor-element elementor-element-31c1d6c e-flex e-con-boxed e-con e-parent\" data-id=\"31c1d6c\" data-element_type=\"container\">\n\t\t\t\t\t<div class=\"e-con-inner\">\n\t\t\t\t<div class=\"elementor-element elementor-element-1f542cc elementor-widget elementor-widget-button\" data-id=\"1f542cc\" data-element_type=\"widget\" data-widget_type=\"button.default\">\n\t\t\t\t<div class=\"elementor-widget-container\">\n\t\t\t\t\t\t\t\t\t<div class=\"elementor-button-wrapper\">\n\t\t\t\t\t<a class=\"elementor-button elementor-button-link elementor-size-sm\" href=\"https:\/\/victorinotapes.hostings.tecnocampus.cat\/ca\/reservar\/\">\n\t\t\t\t\t\t<span class=\"elementor-button-content-wrapper\">\n\t\t\t\t\t\t\t\t\t<span class=\"elementor-button-text\">Reserva Aqui<\/span>\n\t\t\t\t\t<\/span>\n\t\t\t\t\t<\/a>\n\t\t\t\t<\/div>\n\t\t\t\t\t\t\t\t<\/div>\n\t\t\t\t<\/div>\n\t\t\t\t\t<\/div>\n\t\t\t\t<\/div>\n\t\t<div class=\"elementor-element elementor-element-9511935 e-flex e-con-boxed e-con e-parent\" data-id=\"9511935\" data-element_type=\"container\">\n\t\t\t\t\t<div class=\"e-con-inner\">\n\t\t\t\t<div class=\"elementor-element elementor-element-3bd1adc elementor-shape-rounded elementor-grid-0 e-grid-align-center elementor-widget elementor-widget-social-icons\" data-id=\"3bd1adc\" data-element_type=\"widget\" data-widget_type=\"social-icons.default\">\n\t\t\t\t<div class=\"elementor-widget-container\">\n\t\t\t\t\t\t\t<div class=\"elementor-social-icons-wrapper elementor-grid\">\n\t\t\t\t\t\t\t<span class=\"elementor-grid-item\">\n\t\t\t\t\t<a class=\"elementor-icon elementor-social-icon elementor-social-icon-facebook elementor-repeater-item-02b8f80\" href=\"https:\/\/www.facebook.com\/p\/Victorino-Fernandez-100068668446747\/?locale=es_ES\" target=\"_blank\">\n\t\t\t\t\t\t<span class=\"elementor-screen-only\">Facebook<\/span>\n\t\t\t\t\t\t<svg class=\"e-font-icon-svg e-fab-facebook\" viewbox=\"0 0 512 512\" xmlns=\"http:\/\/www.w3.org\/2000\/svg\"><path d=\"M504 256C504 119 393 8 256 8S8 119 8 256c0 123.78 90.69 226.38 209.25 245V327.69h-63V256h63v-54.64c0-62.15 37-96.48 93.67-96.48 27.14 0 55.52 4.84 55.52 4.84v61h-31.28c-30.8 0-40.41 19.12-40.41 38.73V256h68.78l-11 71.69h-57.78V501C413.31 482.38 504 379.78 504 256z\"><\/path><\/svg>\t\t\t\t\t<\/a>\n\t\t\t\t<\/span>\n\t\t\t\t\t\t\t<span class=\"elementor-grid-item\">\n\t\t\t\t\t<a class=\"elementor-icon elementor-social-icon elementor-social-icon-instagram elementor-repeater-item-5f7c7e3\" href=\"https:\/\/www.instagram.com\/victorino.cuinademercat\/\" target=\"_blank\">\n\t\t\t\t\t\t<span class=\"elementor-screen-only\">Instagram<\/span>\n\t\t\t\t\t\t<svg class=\"e-font-icon-svg e-fab-instagram\" viewbox=\"0 0 448 512\" xmlns=\"http:\/\/www.w3.org\/2000\/svg\"><path d=\"M224.1 141c-63.6 0-114.9 51.3-114.9 114.9s51.3 114.9 114.9 114.9S339 319.5 339 255.9 287.7 141 224.1 141zm0 189.6c-41.1 0-74.7-33.5-74.7-74.7s33.5-74.7 74.7-74.7 74.7 33.5 74.7 74.7-33.6 74.7-74.7 74.7zm146.4-194.3c0 14.9-12 26.8-26.8 26.8-14.9 0-26.8-12-26.8-26.8s12-26.8 26.8-26.8 26.8 12 26.8 26.8zm76.1 27.2c-1.7-35.9-9.9-67.7-36.2-93.9-26.2-26.2-58-34.4-93.9-36.2-37-2.1-147.9-2.1-184.9 0-35.8 1.7-67.6 9.9-93.9 36.1s-34.4 58-36.2 93.9c-2.1 37-2.1 147.9 0 184.9 1.7 35.9 9.9 67.7 36.2 93.9s58 34.4 93.9 36.2c37 2.1 147.9 2.1 184.9 0 35.9-1.7 67.7-9.9 93.9-36.2 26.2-26.2 34.4-58 36.2-93.9 2.1-37 2.1-147.8 0-184.8zM398.8 388c-7.8 19.6-22.9 34.7-42.6 42.6-29.5 11.7-99.5 9-132.1 9s-102.7 2.6-132.1-9c-19.6-7.8-34.7-22.9-42.6-42.6-11.7-29.5-9-99.5-9-132.1s-2.6-102.7 9-132.1c7.8-19.6 22.9-34.7 42.6-42.6 29.5-11.7 99.5-9 132.1-9s102.7-2.6 132.1 9c19.6 7.8 34.7 22.9 42.6 42.6 11.7 29.5 9 99.5 9 132.1s2.7 102.7-9 132.1z\"><\/path><\/svg>\t\t\t\t\t<\/a>\n\t\t\t\t<\/span>\n\t\t\t\t\t<\/div>\n\t\t\t\t\t\t<\/div>\n\t\t\t\t<\/div>\n\t\t\t\t\t<\/div>\n\t\t\t\t<\/div>\n\t\t\t\t<\/div>","protected":false},"excerpt":{"rendered":"<p>Contacto &#8211; Victorino Tapes Contacto &#8211; Victorino Tapes Complete el siguiente formulario y nos pondremos en contacto con usted a la brevedad. Nombre Completo: Correo Electr\u00f3nico: Tel\u00e9fono (opcional): Asunto: Categor\u00eda: Seleccione una opci\u00f3nReservasCartaSugerenciasQuejas Mensaje Detallado: Enviar Solicitud \u00a1Gracias por contactarnos! Nos pondremos en contacto con usted lo antes posible. Nuestra Ubicaci\u00f3n Local: Victorino Tapes. \u00a1Encu\u00e9ntranos &hellip; <\/p>\n<p class=\"link-more\"><a href=\"https:\/\/victorinotapes.hostings.tecnocampus.cat\/ca\/contactarnos\/\" class=\"more-link\">Read more<span class=\"screen-reader-text\"> \u00abCont\u00e1ctanos\u00bb<\/span><\/a><\/p>","protected":false},"author":6,"featured_media":0,"parent":0,"menu_order":0,"comment_status":"closed","ping_status":"closed","template":"","meta":{"_uag_custom_page_level_css":"","footnotes":""},"class_list":["post-1227","page","type-page","status-publish","hentry"],"yoast_head":"<!-- This site is optimized with the Yoast SEO plugin v24.6 - https:\/\/yoast.com\/wordpress\/plugins\/seo\/ -->\n<title>Cont\u00e1ctanos - victorinotapes.hostings.tecnocampus.cat<\/title>\n<meta name=\"description\" content=\"Disfruta de la mejor experiencia gastron\u00f3mica en Victorino. Reserva tu mesa ya. \u00a1Cont\u00e1ctanos y te atenderemos con gusto!\" \/>\n<meta name=\"robots\" content=\"noindex, follow, max-snippet:-1, max-image-preview:large, max-video-preview:-1\" \/>\n<meta property=\"og:locale\" content=\"ca_ES\" \/>\n<meta property=\"og:type\" content=\"article\" \/>\n<meta property=\"og:title\" content=\"Cont\u00e1ctanos - victorinotapes.hostings.tecnocampus.cat\" \/>\n<meta property=\"og:description\" content=\"Disfruta de la mejor experiencia gastron\u00f3mica en Victorino. Reserva tu mesa ya. \u00a1Cont\u00e1ctanos y te atenderemos con gusto!\" \/>\n<meta property=\"og:url\" content=\"https:\/\/victorinotapes.hostings.tecnocampus.cat\/ca\/contactarnos\/\" \/>\n<meta property=\"og:site_name\" content=\"victorinotapes.hostings.tecnocampus.cat\" \/>\n<meta property=\"article:modified_time\" content=\"2025-03-06T16:38:17+00:00\" \/>\n<meta name=\"twitter:card\" content=\"summary_large_image\" \/>\n<meta name=\"twitter:label1\" content=\"Temps estimat de lectura\" \/>\n\t<meta name=\"twitter:data1\" content=\"1 minut\" \/>\n<script type=\"application\/ld+json\" class=\"yoast-schema-graph\">{\"@context\":\"https:\/\/schema.org\",\"@graph\":[{\"@type\":\"WebPage\",\"@id\":\"https:\/\/victorinotapes.hostings.tecnocampus.cat\/contactarnos\/\",\"url\":\"https:\/\/victorinotapes.hostings.tecnocampus.cat\/contactarnos\/\",\"name\":\"Cont\u00e1ctanos - victorinotapes.hostings.tecnocampus.cat\",\"isPartOf\":{\"@id\":\"https:\/\/victorinotapes.hostings.tecnocampus.cat\/#website\"},\"datePublished\":\"2025-02-12T06:07:11+00:00\",\"dateModified\":\"2025-03-06T16:38:17+00:00\",\"description\":\"Disfruta de la mejor experiencia gastron\u00f3mica en Victorino. Reserva tu mesa ya. \u00a1Cont\u00e1ctanos y te atenderemos con gusto!\",\"breadcrumb\":{\"@id\":\"https:\/\/victorinotapes.hostings.tecnocampus.cat\/contactarnos\/#breadcrumb\"},\"inLanguage\":\"ca\",\"potentialAction\":[{\"@type\":\"ReadAction\",\"target\":[\"https:\/\/victorinotapes.hostings.tecnocampus.cat\/contactarnos\/\"]}]},{\"@type\":\"BreadcrumbList\",\"@id\":\"https:\/\/victorinotapes.hostings.tecnocampus.cat\/contactarnos\/#breadcrumb\",\"itemListElement\":[{\"@type\":\"ListItem\",\"position\":1,\"name\":\"Portada\",\"item\":\"https:\/\/victorinotapes.hostings.tecnocampus.cat\/\"},{\"@type\":\"ListItem\",\"position\":2,\"name\":\"Cont\u00e1ctanos\"}]},{\"@type\":\"WebSite\",\"@id\":\"https:\/\/victorinotapes.hostings.tecnocampus.cat\/#website\",\"url\":\"https:\/\/victorinotapes.hostings.tecnocampus.cat\/\",\"name\":\"victorinotapes.hostings.tecnocampus.cat\",\"description\":\"Restaurante familiar ubicado en Gav\u00e0\",\"publisher\":{\"@id\":\"https:\/\/victorinotapes.hostings.tecnocampus.cat\/#organization\"},\"potentialAction\":[{\"@type\":\"SearchAction\",\"target\":{\"@type\":\"EntryPoint\",\"urlTemplate\":\"https:\/\/victorinotapes.hostings.tecnocampus.cat\/?s={search_term_string}\"},\"query-input\":{\"@type\":\"PropertyValueSpecification\",\"valueRequired\":true,\"valueName\":\"search_term_string\"}}],\"inLanguage\":\"ca\"},{\"@type\":\"Organization\",\"@id\":\"https:\/\/victorinotapes.hostings.tecnocampus.cat\/#organization\",\"name\":\"victorinotapes.hostings.tecnocampus.cat\",\"url\":\"https:\/\/victorinotapes.hostings.tecnocampus.cat\/\",\"logo\":{\"@type\":\"ImageObject\",\"inLanguage\":\"ca\",\"@id\":\"https:\/\/victorinotapes.hostings.tecnocampus.cat\/#\/schema\/logo\/image\/\",\"url\":\"https:\/\/victorinotapes.hostings.tecnocampus.cat\/wp-content\/uploads\/2025\/02\/Captura-de-pantalla-2025-02-18-a-las-18.02.00.png\",\"contentUrl\":\"https:\/\/victorinotapes.hostings.tecnocampus.cat\/wp-content\/uploads\/2025\/02\/Captura-de-pantalla-2025-02-18-a-las-18.02.00.png\",\"width\":312,\"height\":306,\"caption\":\"victorinotapes.hostings.tecnocampus.cat\"},\"image\":{\"@id\":\"https:\/\/victorinotapes.hostings.tecnocampus.cat\/#\/schema\/logo\/image\/\"},\"sameAs\":[\"https:\/\/www.instagram.com\/victorino.cuinademercat?igsh=azJqanJ6ZWVrYXds\"]}]}<\/script>\n<!-- \/ Yoast SEO plugin. -->","yoast_head_json":{"title":"Cont\u00e1ctanos - victorinotapes.hostings.tecnocampus.cat","description":"Disfruta de la mejor experiencia gastron\u00f3mica en Victorino. Reserva tu mesa ya. \u00a1Cont\u00e1ctanos y te atenderemos con gusto!","robots":{"index":"noindex","follow":"follow","max-snippet":"max-snippet:-1","max-image-preview":"max-image-preview:large","max-video-preview":"max-video-preview:-1"},"og_locale":"ca_ES","og_type":"article","og_title":"Cont\u00e1ctanos - victorinotapes.hostings.tecnocampus.cat","og_description":"Disfruta de la mejor experiencia gastron\u00f3mica en Victorino. Reserva tu mesa ya. \u00a1Cont\u00e1ctanos y te atenderemos con gusto!","og_url":"https:\/\/victorinotapes.hostings.tecnocampus.cat\/ca\/contactarnos\/","og_site_name":"victorinotapes.hostings.tecnocampus.cat","article_modified_time":"2025-03-06T16:38:17+00:00","twitter_card":"summary_large_image","twitter_misc":{"Temps estimat de lectura":"1 minut"},"schema":{"@context":"https:\/\/schema.org","@graph":[{"@type":"WebPage","@id":"https:\/\/victorinotapes.hostings.tecnocampus.cat\/contactarnos\/","url":"https:\/\/victorinotapes.hostings.tecnocampus.cat\/contactarnos\/","name":"Cont\u00e1ctanos - victorinotapes.hostings.tecnocampus.cat","isPartOf":{"@id":"https:\/\/victorinotapes.hostings.tecnocampus.cat\/#website"},"datePublished":"2025-02-12T06:07:11+00:00","dateModified":"2025-03-06T16:38:17+00:00","description":"Disfruta de la mejor experiencia gastron\u00f3mica en Victorino. Reserva tu mesa ya. \u00a1Cont\u00e1ctanos y te atenderemos con gusto!","breadcrumb":{"@id":"https:\/\/victorinotapes.hostings.tecnocampus.cat\/contactarnos\/#breadcrumb"},"inLanguage":"ca","potentialAction":[{"@type":"ReadAction","target":["https:\/\/victorinotapes.hostings.tecnocampus.cat\/contactarnos\/"]}]},{"@type":"BreadcrumbList","@id":"https:\/\/victorinotapes.hostings.tecnocampus.cat\/contactarnos\/#breadcrumb","itemListElement":[{"@type":"ListItem","position":1,"name":"Portada","item":"https:\/\/victorinotapes.hostings.tecnocampus.cat\/"},{"@type":"ListItem","position":2,"name":"Cont\u00e1ctanos"}]},{"@type":"WebSite","@id":"https:\/\/victorinotapes.hostings.tecnocampus.cat\/#website","url":"https:\/\/victorinotapes.hostings.tecnocampus.cat\/","name":"victorinotapes.hostings.tecnocampus.cat","description":"Restaurante familiar ubicado en Gav\u00e0","publisher":{"@id":"https:\/\/victorinotapes.hostings.tecnocampus.cat\/#organization"},"potentialAction":[{"@type":"SearchAction","target":{"@type":"EntryPoint","urlTemplate":"https:\/\/victorinotapes.hostings.tecnocampus.cat\/?s={search_term_string}"},"query-input":{"@type":"PropertyValueSpecification","valueRequired":true,"valueName":"search_term_string"}}],"inLanguage":"ca"},{"@type":"Organization","@id":"https:\/\/victorinotapes.hostings.tecnocampus.cat\/#organization","name":"victorinotapes.hostings.tecnocampus.cat","url":"https:\/\/victorinotapes.hostings.tecnocampus.cat\/","logo":{"@type":"ImageObject","inLanguage":"ca","@id":"https:\/\/victorinotapes.hostings.tecnocampus.cat\/#\/schema\/logo\/image\/","url":"https:\/\/victorinotapes.hostings.tecnocampus.cat\/wp-content\/uploads\/2025\/02\/Captura-de-pantalla-2025-02-18-a-las-18.02.00.png","contentUrl":"https:\/\/victorinotapes.hostings.tecnocampus.cat\/wp-content\/uploads\/2025\/02\/Captura-de-pantalla-2025-02-18-a-las-18.02.00.png","width":312,"height":306,"caption":"victorinotapes.hostings.tecnocampus.cat"},"image":{"@id":"https:\/\/victorinotapes.hostings.tecnocampus.cat\/#\/schema\/logo\/image\/"},"sameAs":["https:\/\/www.instagram.com\/victorino.cuinademercat?igsh=azJqanJ6ZWVrYXds"]}]}},"uagb_featured_image_src":{"full":false,"thumbnail":false,"medium":false,"medium_large":false,"large":false,"etfrtb_logo":false,"1536x1536":false,"2048x2048":false,"trp-custom-language-flag":false,"inspiro-featured-image":false,"inspiro-loop":false,"inspiro-loop@2x":false,"menu-24x24":false,"menu-36x36":false,"menu-48x48":false},"uagb_author_info":{"display_name":"genesisv","author_link":"https:\/\/victorinotapes.hostings.tecnocampus.cat\/ca\/author\/genesisv\/"},"uagb_comment_info":0,"uagb_excerpt":"Contacto &#8211; Victorino Tapes Contacto &#8211; Victorino Tapes Complete el siguiente formulario y nos pondremos en contacto con usted a la brevedad. Nombre Completo: Correo Electr\u00f3nico: Tel\u00e9fono (opcional): Asunto: Categor\u00eda: Seleccione una opci\u00f3nReservasCartaSugerenciasQuejas Mensaje Detallado: Enviar Solicitud \u00a1Gracias por contactarnos! Nos pondremos en contacto con usted lo antes posible. Nuestra Ubicaci\u00f3n Local: Victorino Tapes. \u00a1Encu\u00e9ntranos&hellip;","_links":{"self":[{"href":"https:\/\/victorinotapes.hostings.tecnocampus.cat\/ca\/wp-json\/wp\/v2\/pages\/1227","targetHints":{"allow":["GET"]}}],"collection":[{"href":"https:\/\/victorinotapes.hostings.tecnocampus.cat\/ca\/wp-json\/wp\/v2\/pages"}],"about":[{"href":"https:\/\/victorinotapes.hostings.tecnocampus.cat\/ca\/wp-json\/wp\/v2\/types\/page"}],"author":[{"embeddable":true,"href":"https:\/\/victorinotapes.hostings.tecnocampus.cat\/ca\/wp-json\/wp\/v2\/users\/6"}],"replies":[{"embeddable":true,"href":"https:\/\/victorinotapes.hostings.tecnocampus.cat\/ca\/wp-json\/wp\/v2\/comments?post=1227"}],"version-history":[{"count":36,"href":"https:\/\/victorinotapes.hostings.tecnocampus.cat\/ca\/wp-json\/wp\/v2\/pages\/1227\/revisions"}],"predecessor-version":[{"id":1892,"href":"https:\/\/victorinotapes.hostings.tecnocampus.cat\/ca\/wp-json\/wp\/v2\/pages\/1227\/revisions\/1892"}],"wp:attachment":[{"href":"https:\/\/victorinotapes.hostings.tecnocampus.cat\/ca\/wp-json\/wp\/v2\/media?parent=1227"}],"curies":[{"name":"wp","href":"https:\/\/api.w.org\/{rel}","templated":true}]}}