{"id":1172,"date":"2025-02-11T21:23:43","date_gmt":"2025-02-11T20:23:43","guid":{"rendered":"https:\/\/victorinotapes.hostings.tecnocampus.cat\/?page_id=1172"},"modified":"2025-03-06T11:39:19","modified_gmt":"2025-03-06T10:39:19","slug":"quienes-somos","status":"publish","type":"page","link":"https:\/\/victorinotapes.hostings.tecnocampus.cat\/ca\/quienes-somos\/","title":{"rendered":"Qui Som"},"content":{"rendered":"<div class=\"wp-block-uagb-advanced-heading uagb-block-55ba3d69\"><h2 class=\"uagb-heading-text\">La Nostra Hist\u00f2ria<\/h2><\/div>\n\n\n\n<blockquote class=\"wp-block-quote is-layout-flow wp-block-quote-is-layout-flow\">\n<p>\"D'un somni a una realitat\"<\/p>\n<\/blockquote>\n\n\n\n<div class=\"wp-block-cover alignfull is-light\"><span aria-hidden=\"true\" class=\"wp-block-cover__background has-accent-2-background-color has-background-dim-100 has-background-dim\"><\/span><div class=\"wp-block-cover__inner-container has-global-padding is-layout-constrained wp-block-cover-is-layout-constrained\">\n<p class=\"has-text-align-center has-base-color has-text-color has-link-color has-medium-font-size wp-elements-44e1240e3f451e788323c6e5a3ae00d8\">En&nbsp;<strong>Victorino Tapes<\/strong> som m\u00e9s que un restaurant; som el resultat d'una hist\u00f2ria d'amor per la cuina que va comen\u00e7ar el juliol del 2023.<\/p>\n\n\n\n<p class=\"has-text-align-center has-base-color has-text-color has-link-color has-medium-font-size wp-elements-a619fa37b0846135bbfb363520521265\">Aquesta aventura va comen\u00e7ar quan els amos (Victorino i Inma) es van con\u00e8ixer treballant en un hotel i des de llavors es van fer inseparables.<\/p>\n\n\n\n<p class=\"has-text-align-center has-base-color has-text-color has-link-color has-medium-font-size wp-elements-cc3d0a9680396c30d7d6d296d7b85a87\">Amb el somni de crear un espai propi on cada plat expliqu\u00e9s una hist\u00f2ria i cada visita fos una experi\u00e8ncia acollidora, van decidir emprendre junts aquesta aventura. <\/p>\n\n\n\n<p class=\"has-text-align-center has-base-color has-text-color has-link-color has-medium-font-size wp-elements-907bf8fe93d4ba3df2ed30aaf5a1dea9\">Avui, segueixen posant el cor a cada recepta ia cada detall perqu\u00e8 els seus clients se sentin com a casa. <\/p>\n\n\n\n<p class=\"has-text-align-center has-base-color has-text-color has-link-color has-medium-font-size wp-elements-8a8c1254928b779d059816f862e5d684\">Benvinguts a la nostra familia!<\/p>\n<\/div><\/div>\n\n\n\n<div class=\"wp-block-uagb-separator uagb-block-97e9cdcc\"><div class=\"wp-block-uagb-separator__inner\" style=\"--my-background-image:\"><\/div><\/div>\n\n\n\n<div class=\"wp-block-uagb-container uagb-block-226242da alignfull uagb-is-root-container\"><div class=\"uagb-container-inner-blocks-wrap\">\n<div class=\"wp-block-uagb-container uagb-block-d4c4bdfd\">\n<div class=\"wp-block-uagb-image uagb-block-5bc813f9 wp-block-uagb-image--layout-default wp-block-uagb-image--effect-static wp-block-uagb-image--align-none\"><figure class=\"wp-block-uagb-image__figure\"><img loading=\"lazy\" decoding=\"async\" srcset=\"https:\/\/victorinotapes.hostings.tecnocampus.cat\/wp-content\/uploads\/2025\/02\/IMG_8136.heic ,https:\/\/victorinotapes.hostings.tecnocampus.cat\/wp-content\/uploads\/2025\/02\/IMG_8136.heic 780w, https:\/\/victorinotapes.hostings.tecnocampus.cat\/wp-content\/uploads\/2025\/02\/IMG_8136.heic 360w\" sizes=\"auto, (max-width: 480px) 150px\" src=\"https:\/\/victorinotapes.hostings.tecnocampus.cat\/wp-content\/uploads\/2025\/02\/IMG_8136.heic\" alt=\"\" class=\"uag-image-1177\" width=\"3024\" height=\"4032\" title=\"IMG_8136\" role=\"img\"\/><\/figure><\/div>\n<\/div>\n\n\n\n<div class=\"wp-block-uagb-container uagb-block-5431cf75\">\n<div class=\"wp-block-uagb-image uagb-block-2607355a wp-block-uagb-image--layout-default wp-block-uagb-image--effect-static wp-block-uagb-image--align-none\"><figure class=\"wp-block-uagb-image__figure\"><img loading=\"lazy\" decoding=\"async\" srcset=\"https:\/\/victorinotapes.hostings.tecnocampus.cat\/wp-content\/uploads\/2025\/02\/dsc02749-high.jpg.webp ,https:\/\/victorinotapes.hostings.tecnocampus.cat\/wp-content\/uploads\/2025\/02\/dsc02749-high.jpg.webp 780w, https:\/\/victorinotapes.hostings.tecnocampus.cat\/wp-content\/uploads\/2025\/02\/dsc02749-high.jpg.webp 360w\" sizes=\"auto, (max-width: 480px) 150px\" src=\"https:\/\/victorinotapes.hostings.tecnocampus.cat\/wp-content\/uploads\/2025\/02\/dsc02749-high.jpg.webp\" alt=\"\" class=\"uag-image-1179\" width=\"339\" height=\"407\" title=\"dsc02749-high.jpg\" role=\"img\"\/><\/figure><\/div>\n<\/div>\n\n\n\n<div class=\"wp-block-uagb-container uagb-block-16d0ef62\">\n<div class=\"wp-block-uagb-image uagb-block-b4f47ccb wp-block-uagb-image--layout-default wp-block-uagb-image--effect-static wp-block-uagb-image--align-none\"><figure class=\"wp-block-uagb-image__figure\"><img loading=\"lazy\" decoding=\"async\" srcset=\"https:\/\/victorinotapes.hostings.tecnocampus.cat\/wp-content\/uploads\/2025\/02\/IMG_8135.heic ,https:\/\/victorinotapes.hostings.tecnocampus.cat\/wp-content\/uploads\/2025\/02\/IMG_8135.heic 780w, https:\/\/victorinotapes.hostings.tecnocampus.cat\/wp-content\/uploads\/2025\/02\/IMG_8135.heic 360w\" sizes=\"auto, (max-width: 480px) 150px\" src=\"https:\/\/victorinotapes.hostings.tecnocampus.cat\/wp-content\/uploads\/2025\/02\/IMG_8135.heic\" alt=\"\" class=\"uag-image-1178\" width=\"3024\" height=\"4032\" title=\"IMG_8135\" role=\"img\"\/><\/figure><\/div>\n<\/div>\n<\/div><\/div>\n\n\n\n<div class=\"wp-block-uagb-separator uagb-block-13ac4861\"><div class=\"wp-block-uagb-separator__inner\" style=\"--my-background-image:\"><\/div><\/div>\n\n\n\n<p class=\"has-text-align-center has-background-background-color has-background\"><a href=\"https:\/\/victorinotapes.hostings.tecnocampus.cat\/ca\/reservar\/\">\u00a1Reserva Aqu\u00ed!<\/a><\/p>\n\n\n\n<div class=\"wp-block-group alignwide has-global-padding is-layout-constrained wp-block-group-is-layout-constrained\" style=\"padding-top:var(--wp--preset--spacing--60);padding-bottom:var(--wp--preset--spacing--50)\"><\/div>\n\n\n\n<ul class=\"wp-block-social-links aligncenter is-layout-flex wp-block-social-links-is-layout-flex\"><li class=\"wp-social-link wp-social-link-instagram  wp-block-social-link\"><a href=\"https:\/\/www.instagram.com\/victorino.cuinademercat?igsh=azJqanJ6ZWVrYXds\" class=\"wp-block-social-link-anchor\"><svg width=\"24\" height=\"24\" viewbox=\"0 0 24 24\" version=\"1.1\" xmlns=\"http:\/\/www.w3.org\/2000\/svg\" aria-hidden=\"true\" focusable=\"false\"><path d=\"M12,4.622c2.403,0,2.688,0.009,3.637,0.052c0.877,0.04,1.354,0.187,1.671,0.31c0.42,0.163,0.72,0.358,1.035,0.673 c0.315,0.315,0.51,0.615,0.673,1.035c0.123,0.317,0.27,0.794,0.31,1.671c0.043,0.949,0.052,1.234,0.052,3.637 s-0.009,2.688-0.052,3.637c-0.04,0.877-0.187,1.354-0.31,1.671c-0.163,0.42-0.358,0.72-0.673,1.035 c-0.315,0.315-0.615,0.51-1.035,0.673c-0.317,0.123-0.794,0.27-1.671,0.31c-0.949,0.043-1.233,0.052-3.637,0.052 s-2.688-0.009-3.637-0.052c-0.877-0.04-1.354-0.187-1.671-0.31c-0.42-0.163-0.72-0.358-1.035-0.673 c-0.315-0.315-0.51-0.615-0.673-1.035c-0.123-0.317-0.27-0.794-0.31-1.671C4.631,14.688,4.622,14.403,4.622,12 s0.009-2.688,0.052-3.637c0.04-0.877,0.187-1.354,0.31-1.671c0.163-0.42,0.358-0.72,0.673-1.035 c0.315-0.315,0.615-0.51,1.035-0.673c0.317-0.123,0.794-0.27,1.671-0.31C9.312,4.631,9.597,4.622,12,4.622 M12,3 C9.556,3,9.249,3.01,8.289,3.054C7.331,3.098,6.677,3.25,6.105,3.472C5.513,3.702,5.011,4.01,4.511,4.511 c-0.5,0.5-0.808,1.002-1.038,1.594C3.25,6.677,3.098,7.331,3.054,8.289C3.01,9.249,3,9.556,3,12c0,2.444,0.01,2.751,0.054,3.711 c0.044,0.958,0.196,1.612,0.418,2.185c0.23,0.592,0.538,1.094,1.038,1.594c0.5,0.5,1.002,0.808,1.594,1.038 c0.572,0.222,1.227,0.375,2.185,0.418C9.249,20.99,9.556,21,12,21s2.751-0.01,3.711-0.054c0.958-0.044,1.612-0.196,2.185-0.418 c0.592-0.23,1.094-0.538,1.594-1.038c0.5-0.5,0.808-1.002,1.038-1.594c0.222-0.572,0.375-1.227,0.418-2.185 C20.99,14.751,21,14.444,21,12s-0.01-2.751-0.054-3.711c-0.044-0.958-0.196-1.612-0.418-2.185c-0.23-0.592-0.538-1.094-1.038-1.594 c-0.5-0.5-1.002-0.808-1.594-1.038c-0.572-0.222-1.227-0.375-2.185-0.418C14.751,3.01,14.444,3,12,3L12,3z M12,7.378 c-2.552,0-4.622,2.069-4.622,4.622S9.448,16.622,12,16.622s4.622-2.069,4.622-4.622S14.552,7.378,12,7.378z M12,15 c-1.657,0-3-1.343-3-3s1.343-3,3-3s3,1.343,3,3S13.657,15,12,15z M16.804,6.116c-0.596,0-1.08,0.484-1.08,1.08 s0.484,1.08,1.08,1.08c0.596,0,1.08-0.484,1.08-1.08S17.401,6.116,16.804,6.116z\"><\/path><\/svg><span class=\"wp-block-social-link-label screen-reader-text\">Instagram<\/span><\/a><\/li>\n\n<li class=\"wp-social-link wp-social-link-facebook  wp-block-social-link\"><a href=\"https:\/\/m.facebook.com\/100068668446747\/\" class=\"wp-block-social-link-anchor\"><svg width=\"24\" height=\"24\" viewbox=\"0 0 24 24\" version=\"1.1\" xmlns=\"http:\/\/www.w3.org\/2000\/svg\" aria-hidden=\"true\" focusable=\"false\"><path d=\"M12 2C6.5 2 2 6.5 2 12c0 5 3.7 9.1 8.4 9.9v-7H7.9V12h2.5V9.8c0-2.5 1.5-3.9 3.8-3.9 1.1 0 2.2.2 2.2.2v2.5h-1.3c-1.2 0-1.6.8-1.6 1.6V12h2.8l-.4 2.9h-2.3v7C18.3 21.1 22 17 22 12c0-5.5-4.5-10-10-10z\"><\/path><\/svg><span class=\"wp-block-social-link-label screen-reader-text\">Facebook<\/span><\/a><\/li><\/ul>\n\n\n\n<p><\/p>","protected":false},"excerpt":{"rendered":"<p>Nuestra Historia \u00abDe un sue\u00f1o a una realidad.\u00bb \u00a1Reserva Aqu\u00ed!<\/p>","protected":false},"author":1,"featured_media":0,"parent":0,"menu_order":0,"comment_status":"closed","ping_status":"closed","template":"","meta":{"_uag_custom_page_level_css":"","footnotes":""},"class_list":["post-1172","page","type-page","status-publish","hentry"],"yoast_head":"<!-- This site is optimized with the Yoast SEO plugin v24.6 - https:\/\/yoast.com\/wordpress\/plugins\/seo\/ -->\n<title>Qui\u00e9nes Somos - victorinotapes.hostings.tecnocampus.cat<\/title>\n<meta name=\"description\" content=\"&quot;De un sue\u00f1o a una realidad&quot;. Somos un restaurante inaugurado en el 2023, resultado de un sue\u00f1o por la cocina. Bienvenidos a nuestra familia.\" \/>\n<meta name=\"robots\" content=\"noindex, follow, max-snippet:-1, max-image-preview:large, max-video-preview:-1\" \/>\n<meta property=\"og:locale\" content=\"ca_ES\" \/>\n<meta property=\"og:type\" content=\"article\" \/>\n<meta property=\"og:title\" content=\"Qui\u00e9nes Somos - victorinotapes.hostings.tecnocampus.cat\" \/>\n<meta property=\"og:description\" content=\"&quot;De un sue\u00f1o a una realidad&quot;. Somos un restaurante inaugurado en el 2023, resultado de un sue\u00f1o por la cocina. Bienvenidos a nuestra familia.\" \/>\n<meta property=\"og:url\" content=\"https:\/\/victorinotapes.hostings.tecnocampus.cat\/ca\/quienes-somos\/\" \/>\n<meta property=\"og:site_name\" content=\"victorinotapes.hostings.tecnocampus.cat\" \/>\n<meta property=\"article:modified_time\" content=\"2025-03-06T10:39:19+00:00\" \/>\n<meta property=\"og:image\" content=\"https:\/\/victorinotapes.hostings.tecnocampus.cat\/wp-content\/uploads\/2025\/02\/IMG_8136.heic\" \/>\n<meta name=\"twitter:card\" content=\"summary_large_image\" \/>\n<meta name=\"twitter:label1\" content=\"Temps estimat de lectura\" \/>\n\t<meta name=\"twitter:data1\" content=\"2 minuts\" \/>\n<script type=\"application\/ld+json\" class=\"yoast-schema-graph\">{\"@context\":\"https:\/\/schema.org\",\"@graph\":[{\"@type\":\"WebPage\",\"@id\":\"https:\/\/victorinotapes.hostings.tecnocampus.cat\/quienes-somos\/\",\"url\":\"https:\/\/victorinotapes.hostings.tecnocampus.cat\/quienes-somos\/\",\"name\":\"Qui\u00e9nes Somos - victorinotapes.hostings.tecnocampus.cat\",\"isPartOf\":{\"@id\":\"https:\/\/victorinotapes.hostings.tecnocampus.cat\/#website\"},\"primaryImageOfPage\":{\"@id\":\"https:\/\/victorinotapes.hostings.tecnocampus.cat\/quienes-somos\/#primaryimage\"},\"image\":{\"@id\":\"https:\/\/victorinotapes.hostings.tecnocampus.cat\/quienes-somos\/#primaryimage\"},\"thumbnailUrl\":\"https:\/\/victorinotapes.hostings.tecnocampus.cat\/wp-content\/uploads\/2025\/02\/IMG_8136.heic\",\"datePublished\":\"2025-02-11T20:23:43+00:00\",\"dateModified\":\"2025-03-06T10:39:19+00:00\",\"description\":\"\\\"De un sue\u00f1o a una realidad\\\". Somos un restaurante inaugurado en el 2023, resultado de un sue\u00f1o por la cocina. Bienvenidos a nuestra familia.\",\"breadcrumb\":{\"@id\":\"https:\/\/victorinotapes.hostings.tecnocampus.cat\/quienes-somos\/#breadcrumb\"},\"inLanguage\":\"ca\",\"potentialAction\":[{\"@type\":\"ReadAction\",\"target\":[\"https:\/\/victorinotapes.hostings.tecnocampus.cat\/quienes-somos\/\"]}]},{\"@type\":\"ImageObject\",\"inLanguage\":\"ca\",\"@id\":\"https:\/\/victorinotapes.hostings.tecnocampus.cat\/quienes-somos\/#primaryimage\",\"url\":\"https:\/\/victorinotapes.hostings.tecnocampus.cat\/wp-content\/uploads\/2025\/02\/IMG_8136.heic\",\"contentUrl\":\"https:\/\/victorinotapes.hostings.tecnocampus.cat\/wp-content\/uploads\/2025\/02\/IMG_8136.heic\"},{\"@type\":\"BreadcrumbList\",\"@id\":\"https:\/\/victorinotapes.hostings.tecnocampus.cat\/quienes-somos\/#breadcrumb\",\"itemListElement\":[{\"@type\":\"ListItem\",\"position\":1,\"name\":\"Portada\",\"item\":\"https:\/\/victorinotapes.hostings.tecnocampus.cat\/\"},{\"@type\":\"ListItem\",\"position\":2,\"name\":\"Qui\u00e9nes Somos\"}]},{\"@type\":\"WebSite\",\"@id\":\"https:\/\/victorinotapes.hostings.tecnocampus.cat\/#website\",\"url\":\"https:\/\/victorinotapes.hostings.tecnocampus.cat\/\",\"name\":\"victorinotapes.hostings.tecnocampus.cat\",\"description\":\"Restaurante familiar ubicado en Gav\u00e0\",\"publisher\":{\"@id\":\"https:\/\/victorinotapes.hostings.tecnocampus.cat\/#organization\"},\"potentialAction\":[{\"@type\":\"SearchAction\",\"target\":{\"@type\":\"EntryPoint\",\"urlTemplate\":\"https:\/\/victorinotapes.hostings.tecnocampus.cat\/?s={search_term_string}\"},\"query-input\":{\"@type\":\"PropertyValueSpecification\",\"valueRequired\":true,\"valueName\":\"search_term_string\"}}],\"inLanguage\":\"ca\"},{\"@type\":\"Organization\",\"@id\":\"https:\/\/victorinotapes.hostings.tecnocampus.cat\/#organization\",\"name\":\"victorinotapes.hostings.tecnocampus.cat\",\"url\":\"https:\/\/victorinotapes.hostings.tecnocampus.cat\/\",\"logo\":{\"@type\":\"ImageObject\",\"inLanguage\":\"ca\",\"@id\":\"https:\/\/victorinotapes.hostings.tecnocampus.cat\/#\/schema\/logo\/image\/\",\"url\":\"https:\/\/victorinotapes.hostings.tecnocampus.cat\/wp-content\/uploads\/2025\/02\/Captura-de-pantalla-2025-02-18-a-las-18.02.00.png\",\"contentUrl\":\"https:\/\/victorinotapes.hostings.tecnocampus.cat\/wp-content\/uploads\/2025\/02\/Captura-de-pantalla-2025-02-18-a-las-18.02.00.png\",\"width\":312,\"height\":306,\"caption\":\"victorinotapes.hostings.tecnocampus.cat\"},\"image\":{\"@id\":\"https:\/\/victorinotapes.hostings.tecnocampus.cat\/#\/schema\/logo\/image\/\"},\"sameAs\":[\"https:\/\/www.instagram.com\/victorino.cuinademercat?igsh=azJqanJ6ZWVrYXds\"]}]}<\/script>\n<!-- \/ Yoast SEO plugin. -->","yoast_head_json":{"title":"Qui\u00e9nes Somos - victorinotapes.hostings.tecnocampus.cat","description":"\"De un sue\u00f1o a una realidad\". Somos un restaurante inaugurado en el 2023, resultado de un sue\u00f1o por la cocina. Bienvenidos a nuestra familia.","robots":{"index":"noindex","follow":"follow","max-snippet":"max-snippet:-1","max-image-preview":"max-image-preview:large","max-video-preview":"max-video-preview:-1"},"og_locale":"ca_ES","og_type":"article","og_title":"Qui\u00e9nes Somos - victorinotapes.hostings.tecnocampus.cat","og_description":"\"De un sue\u00f1o a una realidad\". Somos un restaurante inaugurado en el 2023, resultado de un sue\u00f1o por la cocina. Bienvenidos a nuestra familia.","og_url":"https:\/\/victorinotapes.hostings.tecnocampus.cat\/ca\/quienes-somos\/","og_site_name":"victorinotapes.hostings.tecnocampus.cat","article_modified_time":"2025-03-06T10:39:19+00:00","og_image":[{"url":"https:\/\/victorinotapes.hostings.tecnocampus.cat\/wp-content\/uploads\/2025\/02\/IMG_8136.heic","type":"","width":"","height":""}],"twitter_card":"summary_large_image","twitter_misc":{"Temps estimat de lectura":"2 minuts"},"schema":{"@context":"https:\/\/schema.org","@graph":[{"@type":"WebPage","@id":"https:\/\/victorinotapes.hostings.tecnocampus.cat\/quienes-somos\/","url":"https:\/\/victorinotapes.hostings.tecnocampus.cat\/quienes-somos\/","name":"Qui\u00e9nes Somos - victorinotapes.hostings.tecnocampus.cat","isPartOf":{"@id":"https:\/\/victorinotapes.hostings.tecnocampus.cat\/#website"},"primaryImageOfPage":{"@id":"https:\/\/victorinotapes.hostings.tecnocampus.cat\/quienes-somos\/#primaryimage"},"image":{"@id":"https:\/\/victorinotapes.hostings.tecnocampus.cat\/quienes-somos\/#primaryimage"},"thumbnailUrl":"https:\/\/victorinotapes.hostings.tecnocampus.cat\/wp-content\/uploads\/2025\/02\/IMG_8136.heic","datePublished":"2025-02-11T20:23:43+00:00","dateModified":"2025-03-06T10:39:19+00:00","description":"\"De un sue\u00f1o a una realidad\". Somos un restaurante inaugurado en el 2023, resultado de un sue\u00f1o por la cocina. Bienvenidos a nuestra familia.","breadcrumb":{"@id":"https:\/\/victorinotapes.hostings.tecnocampus.cat\/quienes-somos\/#breadcrumb"},"inLanguage":"ca","potentialAction":[{"@type":"ReadAction","target":["https:\/\/victorinotapes.hostings.tecnocampus.cat\/quienes-somos\/"]}]},{"@type":"ImageObject","inLanguage":"ca","@id":"https:\/\/victorinotapes.hostings.tecnocampus.cat\/quienes-somos\/#primaryimage","url":"https:\/\/victorinotapes.hostings.tecnocampus.cat\/wp-content\/uploads\/2025\/02\/IMG_8136.heic","contentUrl":"https:\/\/victorinotapes.hostings.tecnocampus.cat\/wp-content\/uploads\/2025\/02\/IMG_8136.heic"},{"@type":"BreadcrumbList","@id":"https:\/\/victorinotapes.hostings.tecnocampus.cat\/quienes-somos\/#breadcrumb","itemListElement":[{"@type":"ListItem","position":1,"name":"Portada","item":"https:\/\/victorinotapes.hostings.tecnocampus.cat\/"},{"@type":"ListItem","position":2,"name":"Qui\u00e9nes Somos"}]},{"@type":"WebSite","@id":"https:\/\/victorinotapes.hostings.tecnocampus.cat\/#website","url":"https:\/\/victorinotapes.hostings.tecnocampus.cat\/","name":"victorinotapes.hostings.tecnocampus.cat","description":"Restaurante familiar ubicado en Gav\u00e0","publisher":{"@id":"https:\/\/victorinotapes.hostings.tecnocampus.cat\/#organization"},"potentialAction":[{"@type":"SearchAction","target":{"@type":"EntryPoint","urlTemplate":"https:\/\/victorinotapes.hostings.tecnocampus.cat\/?s={search_term_string}"},"query-input":{"@type":"PropertyValueSpecification","valueRequired":true,"valueName":"search_term_string"}}],"inLanguage":"ca"},{"@type":"Organization","@id":"https:\/\/victorinotapes.hostings.tecnocampus.cat\/#organization","name":"victorinotapes.hostings.tecnocampus.cat","url":"https:\/\/victorinotapes.hostings.tecnocampus.cat\/","logo":{"@type":"ImageObject","inLanguage":"ca","@id":"https:\/\/victorinotapes.hostings.tecnocampus.cat\/#\/schema\/logo\/image\/","url":"https:\/\/victorinotapes.hostings.tecnocampus.cat\/wp-content\/uploads\/2025\/02\/Captura-de-pantalla-2025-02-18-a-las-18.02.00.png","contentUrl":"https:\/\/victorinotapes.hostings.tecnocampus.cat\/wp-content\/uploads\/2025\/02\/Captura-de-pantalla-2025-02-18-a-las-18.02.00.png","width":312,"height":306,"caption":"victorinotapes.hostings.tecnocampus.cat"},"image":{"@id":"https:\/\/victorinotapes.hostings.tecnocampus.cat\/#\/schema\/logo\/image\/"},"sameAs":["https:\/\/www.instagram.com\/victorino.cuinademercat?igsh=azJqanJ6ZWVrYXds"]}]}},"uagb_featured_image_src":{"full":false,"thumbnail":false,"medium":false,"medium_large":false,"large":false,"etfrtb_logo":false,"1536x1536":false,"2048x2048":false,"trp-custom-language-flag":false,"inspiro-featured-image":false,"inspiro-loop":false,"inspiro-loop@2x":false,"menu-24x24":false,"menu-36x36":false,"menu-48x48":false},"uagb_author_info":{"display_name":"aburgosm","author_link":"https:\/\/victorinotapes.hostings.tecnocampus.cat\/ca\/author\/aburgosm\/"},"uagb_comment_info":0,"uagb_excerpt":"Nuestra Historia \u00abDe un sue\u00f1o a una realidad.\u00bb \u00a1Reserva Aqu\u00ed!","_links":{"self":[{"href":"https:\/\/victorinotapes.hostings.tecnocampus.cat\/ca\/wp-json\/wp\/v2\/pages\/1172","targetHints":{"allow":["GET"]}}],"collection":[{"href":"https:\/\/victorinotapes.hostings.tecnocampus.cat\/ca\/wp-json\/wp\/v2\/pages"}],"about":[{"href":"https:\/\/victorinotapes.hostings.tecnocampus.cat\/ca\/wp-json\/wp\/v2\/types\/page"}],"author":[{"embeddable":true,"href":"https:\/\/victorinotapes.hostings.tecnocampus.cat\/ca\/wp-json\/wp\/v2\/users\/1"}],"replies":[{"embeddable":true,"href":"https:\/\/victorinotapes.hostings.tecnocampus.cat\/ca\/wp-json\/wp\/v2\/comments?post=1172"}],"version-history":[{"count":17,"href":"https:\/\/victorinotapes.hostings.tecnocampus.cat\/ca\/wp-json\/wp\/v2\/pages\/1172\/revisions"}],"predecessor-version":[{"id":1872,"href":"https:\/\/victorinotapes.hostings.tecnocampus.cat\/ca\/wp-json\/wp\/v2\/pages\/1172\/revisions\/1872"}],"wp:attachment":[{"href":"https:\/\/victorinotapes.hostings.tecnocampus.cat\/ca\/wp-json\/wp\/v2\/media?parent=1172"}],"curies":[{"name":"wp","href":"https:\/\/api.w.org\/{rel}","templated":true}]}}